{"id":526,"date":"2015-11-16T22:29:19","date_gmt":"2015-11-16T22:29:19","guid":{"rendered":"http:\/\/demo.themeamber.com\/consultancy\/?page_id=2"},"modified":"2025-02-07T18:55:43","modified_gmt":"2025-02-07T18:55:43","slug":"home","status":"publish","type":"page","link":"https:\/\/convenient.ro\/","title":{"rendered":"Home"},"content":{"rendered":"<p>[vc_row css=&#8221;.vc_custom_1451621340030{margin-top: -100px !important;margin-bottom: 0px !important;}&#8221;][vc_column][rev_slider_vc alias=&#8221;home&#8221;][\/vc_column][\/vc_row][vc_row full_width=&#8221;stretch_row&#8221; css=&#8221;.vc_custom_1451621476587{margin-bottom: 0px !important;background-color: #03a9f5 !important;}&#8221;][vc_column width=&#8221;1\/3&#8243; css=&#8221;.vc_custom_1451624060187{padding-top: 97px !important;padding-right: 50px !important;padding-bottom: 98px !important;}&#8221;][st_customheading heading=&#8221;Despre noi&#8221; heading_color=&#8221;#ffffff&#8221; margin_bottom=&#8221;32px&#8221; content_align=&#8221;text-default&#8221;][vc_column_text el_class=&#8221;text-whitesmoke&#8221;]O echipa formata din consultanti specializati, consilieri juridici, avocati, contabili si experti-contabili, notari, traducatori, lichidatori, mediatori, arhitecti, evaluatori si chiar agenti imobiliari, iti sta la dispozitie cu servicii specializate, idei si solutii optime pentru ca succesul tau in afaceri sa fie garantat. Odata agreate solutiile propuse, tot noi suntem cei care te vom ajuta sa le implementezi prin serviciile conexe oferite pe tot parcursul parteneriatului nostru. Indiferent ca nevoile tale sunt de natura juridica si vrei sa-ti infiintezi o societate\/ PFA\/ ONG, care sa functioneze legal, sau tin de domeniul fiscalitatii\/ mediul economic, noi suntem consultantul tau profesionist si un partener pe tot parcursul afacerii tale. Referitor la partea conflictuala, dupa caz, vom gasi variantele optime ca tu sa solutionezi orice problema cat mai repede, cu cheltuieli minime. Un mediator priceput va va ajuta sa incheiati o tranzactie favorabila partilor, din care toti au de castigat, sau cat mai putin de pierdut. [\/vc_column_text][\/vc_column][vc_column width=&#8221;2\/3&#8243; css=&#8221;.vc_custom_1451624045846{padding-top: 97px !important;padding-bottom: 105px !important;padding-left: 43px !important;background-color: #f1f1f1 !important;}&#8221; el_class=&#8221;background-box&#8221;][st_customheading heading=&#8221;Servicii&#8221; margin_bottom=&#8221;37px&#8221; content_align=&#8221;text-default&#8221;][vc_row_inner css=&#8221;.vc_custom_1451347952570{padding-bottom: 45px !important;}&#8221;][vc_column_inner width=&#8221;1\/2&#8243;][st_feature_box st_template=&#8221;layout1&#8243; content_align=&#8221;text-default&#8221; icon_type=&#8221;fontawesome&#8221; icon_fontawesome=&#8221;fa fa-adjust&#8221; title_item=&#8221;INFIINTARE SOCIETATI&#8221; button_type=&#8221;button&#8221; description_item=&#8221;INFIINTAM firme online, SRL, PFA, ONG: asociatii, fundatii, federatii, filiale, sucursale, reprezentante, puncte de lucru, cooperative agricole; gazduire\/ schimbare sediu social, suspendare\/ intrerupere temporara de activitate, reluare activitate societate\/ reactivare firma inactiva, lichidare\/ radiere firma, acte firme\/ mentiuni si constituiri la registrul comertului; &#8221; image=&#8221;110&#8243;][\/vc_column_inner][vc_column_inner width=&#8221;1\/2&#8243;][st_feature_box st_template=&#8221;layout1&#8243; content_align=&#8221;text-default&#8221; icon_type=&#8221;fontawesome&#8221; icon_fontawesome=&#8221;fa fa-adjust&#8221; title_item=&#8221;CETATENIE. VIZE&#8221; button_type=&#8221;button&#8221; description_item=&#8221;Cetateni Straini (cetateni UE si nonUE). Cabinetul nostru ofera consultanta, asistenta, consiliere juridica, va asigura intocmirea, completarea, depunerea si ridicarea dosarului in vederea dobandirii\/ redobandirii cetateniei romane, obtinerea vizei de sedere, prelungirea dreptului de sedere, stabilirea domiciliului in Romania. &#8221; image=&#8221;111&#8243;][\/vc_column_inner][\/vc_row_inner][vc_row_inner][vc_column_inner width=&#8221;1\/2&#8243;][st_feature_box st_template=&#8221;layout1&#8243; content_align=&#8221;text-default&#8221; icon_type=&#8221;fontawesome&#8221; icon_fontawesome=&#8221;fa fa-adjust&#8221; title_item=&#8221;GAZDUIRE SEDII&#8221; button_type=&#8221;button&#8221; description_item=&#8221;Biroul nostru de consultanta vine in sprijinul celor care doresc s\u0103 \u00eenfiin\u0163eze o firma\/ s\u0103 mute sediul social al uneia deja \u00eenfiin\u0163ate \u00een Bucuresti\/Ilfov, dar nu de\u0163in o proprietate imobiliar\u0103. Prin partenerii nostri, agentii imobiliare, putem gasi spatii pentru sediul social si putem gazdui sedii sociale, la cererea clientului.&#8221; image=&#8221;112&#8243;][\/vc_column_inner][vc_column_inner width=&#8221;1\/2&#8243;][st_feature_box st_template=&#8221;layout1&#8243; content_align=&#8221;text-default&#8221; icon_type=&#8221;fontawesome&#8221; icon_fontawesome=&#8221;fa fa-adjust&#8221; title_item=&#8221;AUTORIZATII&#8221; button_type=&#8221;button&#8221; description_item=&#8221;AUTORIZATII, avize : autorizatii functionare, primarie, psi, isu, protectia muncii, mediu, sanitar-veterinara, sanatate publica, certificate de urbanism, autorizare reclama; marca inregistrata, brevete de inventie, proprietate intelectuala, osim (trademark);&#8221; image=&#8221;113&#8243;][\/vc_column_inner][\/vc_row_inner][\/vc_column][\/vc_row][vc_row css=&#8221;.vc_custom_1448328959842{margin-bottom: 0px !important;}&#8221;][vc_column][vc_separator][vc_row_inner][vc_column_inner][st_contact st_template=&#8221;layout1&#8243; phone=&#8221;+40 730 448 821&#8243; email=&#8221;consultantamediere@gmail.com&#8221;][\/vc_column_inner][\/vc_row_inner][\/vc_column][\/vc_row][vc_row css=&#8221;.vc_custom_1451637598418{margin-bottom: 0px !important;padding-top: 95px !important;padding-bottom: 85px !important;}&#8221;][vc_column][st_customheading heading=&#8221;Utile&#8221; st_template=&#8221;layout2&#8243; margin_bottom=&#8221;40px&#8221; content_align=&#8221;text-center&#8221;][carousel_all xsmall_items=&#8221;3&#8243; small_items=&#8221;4&#8243; medium_items=&#8221;5&#8243; large_items=&#8221;6&#8243; margin=&#8221;30&#8243; loop=&#8221;false&#8221; nav=&#8221;false&#8221; dots=&#8221;true&#8221; autoplay=&#8221;true&#8221;][vc_row_inner][vc_column_inner][st_partner content_align=&#8221;text-default&#8221; link=&#8221;https:\/\/portal.onrc.ro\/ONRCPortalWeb\/users\/ONRCUserPortal.portal&#8221; image=&#8221;877&#8243;][\/vc_column_inner][\/vc_row_inner][vc_row_inner][vc_column_inner][st_partner content_align=&#8221;text-default&#8221; link=&#8221;http:\/\/portal.just.ro\/SitePages\/acasa.aspx&#8221; image=&#8221;876&#8243;][\/vc_column_inner][\/vc_row_inner][vc_row_inner][vc_column_inner][st_partner content_align=&#8221;text-default&#8221; link=&#8221;http:\/\/www.monitoruloficial.ro\/RO\/article&#8211;e-Monitor&#8211;339.html&#8221; image=&#8221;886&#8243;][\/vc_column_inner][\/vc_row_inner][vc_row_inner][vc_column_inner][st_partner content_align=&#8221;text-default&#8221; link=&#8221;http:\/\/www.cmediere.ro\/mediatori\/&#8221; image=&#8221;875&#8243;][\/vc_column_inner][\/vc_row_inner][vc_row_inner][vc_column_inner][st_partner content_align=&#8221;text-default&#8221; image=&#8221;874&#8243;][\/vc_column_inner][\/vc_row_inner][vc_row_inner][vc_column_inner][st_partner content_align=&#8221;text-default&#8221; link=&#8221;http:\/\/europa.eu\/eu-life\/index_ro.htm&#8221; image=&#8221;890&#8243;][\/vc_column_inner][\/vc_row_inner][\/carousel_all][\/vc_column][\/vc_row]<\/p>\n","protected":false},"excerpt":{"rendered":"<p>[vc_row css=&#8221;.vc_custom_1451621340030{margin-top: -100px !important;margin-bottom: 0px !important;}&#8221;][vc_column][rev_slider_vc alias=&#8221;home&#8221;][\/vc_column][\/vc_row][vc_row full_width=&#8221;stretch_row&#8221; css=&#8221;.vc_custom_1451621476587{margin-bottom: 0px !important;background-color: #03a9f5 !important;}&#8221;][vc_column width=&#8221;1\/3&#8243; css=&#8221;.vc_custom_1451624060187{padding-top: 97px !important;padding-right: 50px !important;padding-bottom: 98px !important;}&#8221;][st_customheading heading=&#8221;Despre noi&#8221; heading_color=&#8221;#ffffff&#8221; margin_bottom=&#8221;32px&#8221; content_align=&#8221;text-default&#8221;][vc_column_text el_class=&#8221;text-whitesmoke&#8221;]O echipa formata din consultanti specializati, consilieri juridici, avocati, contabili si experti-contabili, notari, traducatori, lichidatori, mediatori, arhitecti, evaluatori si chiar agenti imobiliari, iti sta la dispozitie cu servicii specializate, [&hellip;]<\/p>\n","protected":false},"author":1,"featured_media":0,"parent":0,"menu_order":0,"comment_status":"closed","ping_status":"open","template":"","meta":[],"_links":{"self":[{"href":"https:\/\/convenient.ro\/index.php\/wp-json\/wp\/v2\/pages\/526"}],"collection":[{"href":"https:\/\/convenient.ro\/index.php\/wp-json\/wp\/v2\/pages"}],"about":[{"href":"https:\/\/convenient.ro\/index.php\/wp-json\/wp\/v2\/types\/page"}],"author":[{"embeddable":true,"href":"https:\/\/convenient.ro\/index.php\/wp-json\/wp\/v2\/users\/1"}],"replies":[{"embeddable":true,"href":"https:\/\/convenient.ro\/index.php\/wp-json\/wp\/v2\/comments?post=526"}],"version-history":[{"count":37,"href":"https:\/\/convenient.ro\/index.php\/wp-json\/wp\/v2\/pages\/526\/revisions"}],"predecessor-version":[{"id":1053,"href":"https:\/\/convenient.ro\/index.php\/wp-json\/wp\/v2\/pages\/526\/revisions\/1053"}],"wp:attachment":[{"href":"https:\/\/convenient.ro\/index.php\/wp-json\/wp\/v2\/media?parent=526"}],"curies":[{"name":"wp","href":"https:\/\/api.w.org\/{rel}","templated":true}]}}