{"id":577,"date":"2016-04-04T17:23:10","date_gmt":"2016-04-04T17:23:10","guid":{"rendered":"http:\/\/144.76.0.143\/wordpress\/?page_id=577"},"modified":"2021-03-30T14:16:08","modified_gmt":"2021-03-30T14:16:08","slug":"gazduire-sedii","status":"publish","type":"page","link":"https:\/\/convenient.ro\/index.php\/gazduire-sedii\/","title":{"rendered":"Gazduire sedii"},"content":{"rendered":"<h1>Stabilirea (Gazduirea) sediului social pentru societate<\/h1>\n<p>Aceast\u0103 ini\u0163iativ\u0103 vine \u00een \u00eent\u00e2mpinarea oric\u0103rui \u00eenteprinz\u0103tor ce are nevoie sa inchirieze un spa\u0163iu de lucru. Dac\u0103 a\u0163i studiat pia\u0163a, se poate s\u0103 fi ajuns la concluzia c\u0103 nu e foarte simplu \u015fi nici ieftin s\u0103 lucra\u0163i pe cont propriu. \u00cenc\u0103 de la constituirea firmei se pune problema domicilierii companiei.<\/p>\n<p>Cu un pre\u0163 modic ve\u0163i rezolva problema domicilierii \u015fi v\u0103 pute\u0163i concentra pe business! Sediul social poate fi \u00eenregistrat pentru un singur an la un avocat \u2013 e o solu\u0163ie ieftin\u0103 si temporar\u0103.<\/p>\n<p><strong>\u00cen cazul \u00een care ave\u021bi sediul expirat, registrul comertului precum si orice persoan\u0103 interesata poate solicita dizolvarea firmei dumneavoastr\u0103, conf. legii.<\/strong><\/p>\n<p>Conform legisla\u0163iei, la domicilierea unei societ\u0103\u0163i sunt dou\u0103 variante: g\u0103zduirea la avocat sau cea \u00eentr-un spa\u0163iu separat. Oferim spre \u00eenchiriere spa\u0163ii partajate \u00een cl\u0103diri de birouri din Bucure\u015fti. G\u0103zduire sediu social la adresa biroului. Redirec\u0163ionare coresponden\u0163\u0103.<\/p>\n<p>V\u0103 propunem cea mai bun\u0103 solu\u0163ie de domiciliere a unei firme \u2013 \u00eenchirierea unui spa\u0163iu delimitat \u00een cadrul unei cl\u0103diri de birouri sau conf. prevederilor art. 3 litera h din legea 51\/1995, pentru organizarea si exercitarea profesiei de avocat, serviciul de gazduire a sediului social presupune incheierea unui contract de asistenta juridica intre firma si cabinetul de avocat, in care se specifica serviciul oferit si anume stabilire sediu social si perioada in care firma va avea sediul gazduit la cabinetul de avocat.<\/p>\n<p><strong>Sediul social se poate stabili si la cabinetul de avocat <span id=\"more-142\"><\/span><\/strong><\/p>\n<p>Sediul social reprezinta elementul principal in jurul caruia societatea poate avea o identitate juridica proprie si poate functiona fara probleme in conditii legale.<\/p>\n<p>Colaborarea cu <strong>biroul nostru de consultanta vine in sprijinul persoanelor care doresc s\u0103-\u015fi \u00eenfiin\u0163eze o societate comercial\u0103 sau s\u0103-\u015fi mute sediul social al uneia deja \u00eenfiin\u0163ate \u00een Bucuresti\/Ilfov, dar nu de\u0163in o proprietate imobiliar\u0103<\/strong>. Avantajele serviciului de Gazduire a sediului social sunt:<\/p>\n<p>&#8211; in cazul condomeniilor (blocuri de locuinte),\u00a0nu este necesara obtinerea acordului asociatiei de proprietari;<\/p>\n<p>-in cazul condomeniilor (blocuri de locuinte),\u00a0nu este necesara obtinerea acordului vecinilor direct afectati;<\/p>\n<p>-nu se verifica unicitatea sediului social de catre registrul comertului.<\/p>\n<p>Ca si mentiune gazduirea se poate realiza pe o perioada de maxim un an, conform legislatiei in vigoare.\u00a0Onorariile pentru gazduire sediu social in Bucuresti variaza in functie de perioada aleasa de client (minim 3 luni).\u00a0Gazduirea sediului social al societ\u0103\u0163ii comerciale include \u015fi servicii minime de secretariat cum ar fi: primire coresponden\u0163\u0103, preluare\/notificare primire apeluri telefonice, recep\u0163ionare\/notificare primire mesaje e-mail.<\/p>\n<p>In cazul in care detineti Dvs. un spatiu cu destinatia de sediu social si doriti sa intocmim documentatia in vederea schimbarii \/ stabilirii sediului societatii actele necesare sunt:<\/p>\n<ol start=\"1\">\n<li>fotocopie act constitutiv actualizat al Societatii (cel mai recent act)<\/li>\n<li>fotocopie Certificat de inmatriculare<\/li>\n<li>fotocopie CI asociat(i) si administrator(i)<\/li>\n<li>Certificat de inmatriculare in original<\/li>\n<li>Certificat constatator de la sediul social in original<\/li>\n<li>Acordul vecinilor si \/ sau asociatiei de proprietari<\/li>\n<\/ol>\n<p>Dovada spatiului pentru sediu social poate fi facuta la Registrul Comertului prin orice titlu care atesta dreptul de folosinta a respectivului spatiu. Acestea pot fi:<\/p>\n<p>&#8211; contract de vanzare-cumparare<br \/>\n&#8211; contract de donatie in forma autentica<br \/>\n&#8211; extras de carte funciara, in termen de valabilitate la depunere<br \/>\n&#8211; certificat de mostenitor<br \/>\n&#8211; act notarial de iesire din indiviziune sau de delimitare a proprietatii<br \/>\n&#8211; hotarare judecatoreasca definitiva privind proprietatea sau folosinta\/uzufructul<br \/>\n&#8211; hotararea judecatoreasca definitiva de iesire din indiviziune<br \/>\n&#8211; proces-verbal de receptie a constructiei<br \/>\n&#8211; act de adjudecare a imobilului vandut \u00een cadrul executarii silite<br \/>\n&#8211; contract de schimb<br \/>\n&#8211; contract de inchiriere (inregistrat la Administratia Finantelor Publice)<br \/>\n&#8211; contract de subinchiriere (inregistrat la Administra\u0163ia Finantelor Publice)<br \/>\n&#8211; contract de concesiune<br \/>\n&#8211; contract de leasing imobiliar (inregistrat la Administratia Finantelor Publice)<br \/>\n&#8211; contract de comodat (inregistrat la Administratia Finantelor Publice)<br \/>\n&#8211; contract de uz (inregistrat la Administratia Finantelor Publice),<br \/>\n&#8211; contract de uzufruct (inregistrat la Administratia Finantelor Publice)<br \/>\n&#8211; certificat de rol fiscal\/rol agricol in termen de valabilitate sau orice alt act juridic care confera dreptul de folosinta, la alegerea solicitantului.<\/p>\n<p>Pasul ulterior acestei modificari de date, trebuie depusa declaratia 050 referitor la schimbarea domiciliului fiscal al contribuabilului si daca sunteti de acord, o sa ne ocupam tot noi, avand in vedere ca stim despre ce este vorba si avem toate actele necesare. Practic dosarul de la vechiul sediu se muta la noul sediu, abia dupa ce societatea notifica organul fiscal si are toate obligatiile declarative indeplinite, precum si achitate toate taxele la zi.<\/p>\n<p>Noi intocmim dosarul il depunem si urmarim transmiterea lui pana la ridicarea deciziei de schimbare sediu, care dureaza pana la 2-3 luni, dar in acest timp contributiile se platesc tot la vechiul sediu.<\/p>\n<p>Totodata trebuie schimbat si certificatul de TVA cu noua adresa si este o procedura ulterioara emiterii deciziei de schimbare sediu &#8211; dupa caz, doar pt. cei care sunt inregistrati ca platitori de TVA.<\/p>\n<h3><strong>Documentele necesare pentru \u00eenregistrarea \u00een registrul comer\u0163ului a men\u0163iunii privind schimbarea sediului profesioni\u015ftilor\u00a0 sau a sediului sucursalelor acestora \u00een acela\u015fi jude\u0163<br \/>\n<\/strong><\/h3>\n<p><a href=\"https:\/\/www.onrc.ro\/templates\/site\/formulare\/Nota%20de%20informare.doc\">Nota de informare privind prelucrarea datelor cu caracter personal<br \/>\n<\/a><\/p>\n<p><strong>\u00cenregistrare<\/strong><\/p>\n<ol>\n<li>Cererea de \u00eenregistrare (original) ;<\/li>\n<li>Declara\u0163ia-tip pe propria r\u0103spundere (original), semnat\u0103 de asocia\u0163i sau de administratori din care s\u0103 rezulte, dup\u0103 caz, c\u0103:\n<ul>\n<li>persoana juridic\u0103 nu desf\u0103\u015foar\u0103, la sediul social, la sediile secundare sau \u00een afara acestora, activit\u0103\u0163ile declarate, o perioad\u0103 de maximum 3 ani ;<\/li>\n<li>persoana juridic\u0103 \u00eendepline\u015fte condi\u0163iile de func\u0163ionare prev\u0103zute de legisla\u0163ia specific\u0103 \u00een domeniul sanitar, sanitar-veterinar, protec\u0163iei mediului \u015fi protec\u0163iei muncii pentru activit\u0103\u0163ile precizate \u00een declara\u0163ia-tip ;<\/li>\n<\/ul>\n<\/li>\n<li>Hot\u0103r\u00e2rea adun\u0103rii generale a asocia\u0163ilor\/ ac\u0163ionarilor sau decizia asociatului unic\/ CA\/ directoratului sau, dup\u0103 caz, actul adi\u0163ional la actul constitutiv (original) ;<\/li>\n<li>Documentul care atest\u0103 dreptul de folosin\u0163\u0103 asupra spa\u0163iului cu destina\u0163ie de sediu social, copie ;<\/li>\n<li>Cererea adresat\u0103 ANAF \u00een vederea ob\u0163inerii certificatului emis de administra\u0163ia financiar\u0103 competent\u0103, care certific\u0103 faptul c\u0103 pentru imobilul cu destina\u0163ie de sediu social nu a fost \u00eenregistrat un alt document pentru \u00eenstr\u0103inarea dreptului de folosin\u0163\u0103 asupra aceluia\u015fi imobil, cu titlu oneros sau gratuit ;<\/li>\n<li>Declara\u0163ia pe propria r\u0103spundere \u00een form\u0103 autentic\u0103 privind respectarea condi\u0163iilor referitoare la sediul social, \u00een cazul \u00een care, din certificatul emis potrivit pct. 5, rezult\u0103 c\u0103 sunt deja \u00eenregistrate la administra\u0163ia financiar\u0103 alte documente care atest\u0103 \u00eenstr\u0103inarea dreptului de folosin\u0163\u0103 asupra aceluia\u015fi imobil cu destina\u0163ie de sediu social ;<\/li>\n<li>Certificatul de \u00eenregistrare (original) ;<\/li>\n<li>Actul constitutiv actualizat, \u00een original ;<\/li>\n<li>Dac\u0103 este cazul:\n<ul>\n<li>avizul privind schimbarea destina\u0163iei imobilelor colective cu regim de locuin\u0163\u0103, prev\u0103zut de Legea nr.\u00a0196\/2018 (completat pe formular-tip, original) ;<\/li>\n<li>alte avize prealabile prev\u0103zute de legile speciale ;<\/li>\n<li>\u00eemputernicire special\u0103 (\u00een form\u0103 autentic\u0103), avoca\u0163ial\u0103 sau delega\u0163ie pentru persoanele desemnate s\u0103 \u00eendeplineasc\u0103 formalit\u0103\u0163ile legale (original);<\/li>\n<\/ul>\n<\/li>\n<li>Dovezile privind plata tarifului legal<\/li>\n<\/ol>\n<p><strong>Not\u0103:<\/strong><\/p>\n<ul>\n<li><em>\u00cen cazul schimb\u0103rii denumirii localit\u0103\u0163ii sau str\u0103zii ori al renumerot\u0103rii imobilelor, persoanele juridice \u00eenmatriculate vor solicita, pe cheltuiala lor \u015fi \u00een baza \u00eenscrisurilor justificative, \u00eenregistrarea modific\u0103rilor, intervenite \u015fi eliberarea unui nou certificat de \u00eenregistrare.<\/em><\/li>\n<li><em>Pentru schimbarea sediului sucursalei, \u00een cazul \u00een care sucursala nu a fost nominalizat\u0103 \u00een actul constitutiv, fiind reglementat\u0103 prin acesta doar procedura de mutare a sediului acestora, nu se \u00eentocme\u015fte act constitutiv actualizat, men\u0163iunea oper\u00e2ndu-se \u00een baza hot\u0103r\u00e2rii adun\u0103rii generale a asocia\u0163ilor\/ac\u0163ionarilor sau a deciziei asociatului unic\/ CA\/directoratului.<\/em><\/li>\n<li><em><strong>Solu\u0163ionarea cererii revine \u00een competen\u0163a <\/strong>directorului oficiului registrului comer\u0163ului de pe l\u00e2ng\u0103 tribunal \u015fi\/sau persoanei sau persoanelor desemnate<strong> care poate\/pot dispune administrarea \u015fi a altor acte doveditoare dec\u00e2t cele enumerate.<\/strong><\/em><\/li>\n<li><em><strong>Redactarea actelor, ob\u0163inerea autentific\u0103rii sau, dup\u0103 caz, darea de dat\u0103 cert\u0103, acordarea de \u00eendrum\u0103ri pentru completarea corect\u0103 a cererii de \u00eenregistrare pot fi efectuate, contra cost, prin serviciile de asisten\u0163\u0103 din cadrul oficiului registrului comer\u0163ului de pe l\u00e2ng\u0103 tribunal.<\/strong><\/em><\/li>\n<li><em>Formularele se distribuie la sediul ORC.<\/em><\/li>\n<li><em>Cererea de \u00eenregistrare, \u00eenscrisurile prev\u0103zute de lege, \u00eendosariate (\u00een dosar cu \u015fin\u0103) \u015fi numerotate, se depun de c\u0103tre solicitant la ORCT direct, prin po\u015ft\u0103, cu scrisoare cu valoare declarat\u0103 \u015fi confirmare de primire sau prin mijloace electronice. Cererea transmis\u0103 \u00een form\u0103 electronic\u0103 va avea \u00eencorporat\u0103, ata\u015fat\u0103 sau logic asociat\u0103 semn\u0103tura electronic\u0103 extins\u0103.<\/em><\/li>\n<\/ul>\n<p><em>\u00a0<\/em><\/p>\n<p><strong><em>Sursa: https:\/\/www.onrc.ro\/index.php\/ro\/<\/em><\/strong><\/p>\n<p><strong>Oficiul Na\u021bional al Registrului Comer\u021bului<\/strong><\/p>\n<address>Detalii la\u00a0<a id=\"yui_3_13_0_ym1_1_1385273710280_2708\" href=\"http:\/\/convenientconsulting@yahoo.com\" target=\"_blank\" rel=\"nofollow noopener noreferrer\">consultantamediere@gmail.com<\/a>\u00a0sau 0730.44.88.21<\/address>\n","protected":false},"excerpt":{"rendered":"<p>Stabilirea (Gazduirea) sediului social pentru societate Aceast\u0103 ini\u0163iativ\u0103 vine \u00een \u00eent\u00e2mpinarea oric\u0103rui \u00eenteprinz\u0103tor ce are nevoie sa inchirieze un spa\u0163iu de lucru. Dac\u0103 a\u0163i studiat pia\u0163a, se poate s\u0103 fi ajuns la concluzia c\u0103 nu e foarte simplu \u015fi nici ieftin s\u0103 lucra\u0163i pe cont propriu. \u00cenc\u0103 de la constituirea firmei se pune problema domicilierii [&hellip;]<\/p>\n","protected":false},"author":1,"featured_media":0,"parent":0,"menu_order":0,"comment_status":"closed","ping_status":"closed","template":"","meta":[],"_links":{"self":[{"href":"https:\/\/convenient.ro\/index.php\/wp-json\/wp\/v2\/pages\/577"}],"collection":[{"href":"https:\/\/convenient.ro\/index.php\/wp-json\/wp\/v2\/pages"}],"about":[{"href":"https:\/\/convenient.ro\/index.php\/wp-json\/wp\/v2\/types\/page"}],"author":[{"embeddable":true,"href":"https:\/\/convenient.ro\/index.php\/wp-json\/wp\/v2\/users\/1"}],"replies":[{"embeddable":true,"href":"https:\/\/convenient.ro\/index.php\/wp-json\/wp\/v2\/comments?post=577"}],"version-history":[{"count":7,"href":"https:\/\/convenient.ro\/index.php\/wp-json\/wp\/v2\/pages\/577\/revisions"}],"predecessor-version":[{"id":1010,"href":"https:\/\/convenient.ro\/index.php\/wp-json\/wp\/v2\/pages\/577\/revisions\/1010"}],"wp:attachment":[{"href":"https:\/\/convenient.ro\/index.php\/wp-json\/wp\/v2\/media?parent=577"}],"curies":[{"name":"wp","href":"https:\/\/api.w.org\/{rel}","templated":true}]}}