{"id":600,"date":"2016-04-04T17:36:36","date_gmt":"2016-04-04T17:36:36","guid":{"rendered":"http:\/\/144.76.0.143\/wordpress\/?page_id=600"},"modified":"2016-04-04T17:36:36","modified_gmt":"2016-04-04T17:36:36","slug":"juridic","status":"publish","type":"page","link":"https:\/\/convenient.ro\/index.php\/juridic\/","title":{"rendered":"Juridic"},"content":{"rendered":"<div class=\"entry\">\n<p>\u00cenfiin\u021barea companiilor in Rom\u00e2nia<\/p>\n<p>Un nou investitor \u00een Rom\u00e2nia are mai multe op\u021biuni disponibile atunci c\u00e2nd analizeaz\u0103 forma juridic\u0103 pe care investi\u021bia sa o poate lua, de la companii cu r\u0103spundere limitat\u0103, societ\u0103\u021bi pe ac\u021biuni \u0219i parteneriate la filiale, sucursale \u0219i reprezentan\u021be.<\/p>\n<p>\u00cenfiin\u021barea, func\u021bionarea, dizolvarea, fuziunea, divizarea \u0219i lichidarea societ\u0103\u021bilor comerciale sunt reglementate in principal de Legea societ\u0103\u021bilor comerciale nr.31\/1990, republicat\u0103.<\/p>\n<p>Forme de organizare a afacerilor<\/p>\n<p>Companiile pot fi stabilite \u00een una dintre urm\u0103toarele forme:<\/p>\n<p>Societate cu R\u0103spundere Limitat\u0103 (SRL) \u2013 sunt cele mai populare vehicule pentru desf\u0103\u0219urarea activit\u0103\u021bilor de afaceri \u00een Rom\u00e2nia de c\u0103tre investitorii locali \u0219i str\u0103ini, datorita:<br \/>\n&#8211; Cerin\u021belor administrative reduse;<br \/>\n&#8211; O flexibilitate mai mare \u00een compara\u021bie cu alte tipuri de societ\u0103\u021bi;<br \/>\n&#8211; Cerin\u021be minime de capital ini\u021bial. Capitalul social minim: este \u00een prezent 200 ron (aproximativ 50 euro).<\/p>\n<p>Num\u0103rul maxim de ac\u021bionari \u00eentr-o astfel de companie este de 50. Un SRL este administrat\u0103 de unul \/ mai mul\u021bi administratori care pot avea puteri depline \/ limitate \u0219i care pot fi str\u0103ini \/ rom\u00e2ni.<\/p>\n<p>Societate pe ac\u021biuni (SA) \u2013 num\u0103rul de societ\u0103\u021bi pe ac\u021biuni (SA) \u0219i atractivitatea acestora pentru investitori este \u00een cre\u0219tere \u00een Rom\u00e2nia.<\/p>\n<p>DESCRIERE: capitalul social minim: este \u00een prezent 25.000 euro. Nu exist\u0103 un num\u0103r maxim de asocia\u021bi. Cu toate acestea, o astfel de companie ar trebui s\u0103 aib\u0103 cel pu\u021bin 2 actionari.<\/p>\n<p>Procedura de \u00eenregistrare<br \/>\nProcedurile de \u00eenregistrare pentru societ\u0103\u021bile cu r\u0103spundere limitat\u0103 \u0219i societ\u0103\u021bi pe ac\u021biuni este oarecum similar\u0103 \u0219i const\u0103 \u00een urm\u0103toarele etape principale:<\/p>\n<p>1. Documentele de constituire trebuie s\u0103 fie preg\u0103tite, aprobate \u0219i semnate de ac\u021bionari;<\/p>\n<p>2. Capitalul subscris trebuie s\u0103 fie pl\u0103tit la \u00eenregistrarea societ\u0103\u021bii. \u00cen cazul \u00een care o societate pe ac\u021biuni (SA), fiecare ac\u021bionar trebuie sa pl\u0103teasc\u0103 cel pu\u021bin 30% din capitalul subscris. Capitalul social poate fi subscris \u0219i v\u0103rsat de c\u0103tre ac\u021bionari prin contribu\u021bii \u00een numerar, \u00een natur\u0103 \u0219i \/ sau \u00een crean\u021be;<\/p>\n<p>3. Societatea este \u00eenregistrat\u0103 la Registrul Comer\u021bului prin emiterea unui certificat de \u00eenregistrare. Acest lucru ofer\u0103 cod valabil de \u00eenregistrare at\u00e2t pentru Registrul Comer\u021bului \u0219i autorit\u0103\u021bile fiscale. Certificatul de \u00eenregistrare include, de asemenea, \u00eentr-un certificat de recunoa\u0219tere care s\u0103 ateste c\u0103 sunt \u00eendeplinite toate condi\u021biile pentru desf\u0103\u0219urarea de activit\u0103\u021bi comerciale. Compania func\u021bioneaz\u0103 legal \u0219i are dreptul de a \u00eencepe \u0219i conduce activitatea de la data \u00eenregistr\u0103rii sale \u00een registrul comer\u021bului.<\/p>\n<p>Conform Legii nr. 359\/2004 privind simplificarea procedurii de \u00eenregistrare la Registrul comer\u021bului a persoanelor fizice, asocia\u021biilor familiale \u0219i persoanelor juridice, precum \u0219i autorizarea func\u021bion\u0103rii persoanelor juridice, cu modific\u0103rile \u0219i complet\u0103rile ulterioare, Registrul Comer\u021bului va elibera certificatul de \u00eenregistrare \u0219i certificatul de \u00eenregistrare men\u021bionarea pe baza declara\u021biei pe proprie r\u0103spundere dat\u0103 de asociat \/ administrator cu privire la:<\/p>\n<p>&#8211; Persoana juridic\u0103 nu efectueaz\u0103 opera\u021biuni de la sediul social \/ secundar;<\/p>\n<p>&#8211; Persoana juridic\u0103 \u00eendepline\u0219te condi\u021biile de func\u021bionare prev\u0103zute de legisla\u021bia privind prevenirea \u0219i stingerea incendiilor, domeniul sanitar \u0219i sanitar-veterinar, protec\u021bia mediului \u0219i a for\u021bei de munc\u0103 pentru activit\u0103\u021bile declarate.<\/p>\n<p>\u00cen conformitate cu Ordonan\u021ba Guvernului nr. 75\/2001 privind organizarea \u0219i func\u021bionarea cazierului fiscal, cu modific\u0103rile \u0219i complet\u0103rile ulterioare, \u00een scopul de constituire \u0219i de \u00eenregistrare, ac\u021bionarii companiei \u0219i reprezentan\u021bii s\u0103i legali trebuie sa prezinte certificatul de cazier fiscal.<\/p>\n<p>Procedura de \u00eenregistrare a unei filiale este \u00een esen\u021b\u0103 similara cu cea descrisa mai sus.<\/p>\n<p>Sucursale<\/p>\n<p>Sucursalele sunt entit\u0103\u021bi juridice f\u0103r\u0103 personalitate juridic\u0103, \u00eenfiin\u021bate de c\u0103tre companiile str\u0103ine care fac obiectul \u00eenregistr\u0103rii \u00een registrul comer\u021bului din Romania. Statutul juridic al sucursalei se aplica oricarui alt sediu secundar (agen\u021bie, puncte de lucru etc.), stabilit ca ramur\u0103 de societatea-mam\u0103 str\u0103in\u0103.<\/p>\n<p>Sucursalele trebuie s\u0103 aib\u0103 un director general numit de Consiliul de administra\u021bie al societ\u0103\u021bii-mam\u0103, care va reprezenta sucursala \u00een rela\u021biile cu ter\u021bii \u00een Rom\u00e2nia. Directorul general poate fi un cet\u0103\u021bean str\u0103in. Sucursalele pot func\u021biona numai \u00een acela\u0219i domeniu de activitate ca societ\u0103\u021bile-mam\u0103.<\/p>\n<p>Reprezentan\u021bele<\/p>\n<p>Companiile str\u0103ine \u0219i agen\u021bii economici pot deschide reprezentan\u021be \u00een Rom\u00e2nia, sub rezerva autoriz\u0103rii de c\u0103tre Ministerul Economiei \u0219i Comer\u021bului. Dup\u0103 \u00eenregistrare, o autoriza\u021bie de func\u021bionare se elibereaz\u0103, prevede, printre altele, obiectul de activitate, termenii \u0219i condi\u021biile de desf\u0103\u0219urare a activit\u0103\u021bii, durata si sediul.<\/p>\n<p>Reprezentantele sunt adesea stabilite ca un prim pas. Reprezentan\u021ba poate \u00eentreprinde \u00een numele societ\u0103\u021bii-mam\u0103 numai opera\u021biunile care sunt \u00een concordan\u021b\u0103 cu obiectul s\u0103u de activitate \u0219i prev\u0103zute \u00een autoriza\u021bie. Un birou de reprezentan\u021b\u0103 nu si poate lua orice angajamente contractuale \u00een nume propriu dar poate efectua urm\u0103toarele activit\u0103\u021bi f\u0103r\u0103 a fi considerat un sediu permanent, \u00een scopul impozitului pe profit:<\/p>\n<p>&#8211; Utilizarea instrumentelor numai \u00een scopul depozit\u0103rii sau expunerii produselor sau m\u0103rfurilor apar\u021bin\u00e2nd unui nerezident;<\/p>\n<p>&#8211; Mentinerea unui stoc de produse sau m\u0103rfuri apar\u021bin\u00e2nd unui nerezident numai \u00een scopul de a fi depozitate sau expuse;<\/p>\n<p>&#8211; Mentinerea unui stoc de produse sau m\u0103rfuri apar\u021bin\u00e2nd unui nerezident numai \u00een scopul de a fi prelucrate de c\u0103tre un ter\u021b;<\/p>\n<p>&#8211; V\u00e2nzarea de produse sau m\u0103rfuri apar\u021bin\u00e2nd unui nerezident afi\u0219at la expozi\u021bii sau t\u00e2rguri comerciale, care nu sunt permanente sau sunt ocazionale, \u00een cazul \u00een care m\u0103rfurile sau bunurile sunt v\u00e2ndute nu mai t\u00e2rziu de o lun\u0103 dup\u0103 \u00eenchiderea t\u00e2rgului sau expozi\u021biei;<\/p>\n<p>&#8211; Men\u021binerea unui loc fix de afaceri, exclusiv, \u00een scopul achizi\u021bion\u0103rii de produse sau bunuri ori culegerii de informa\u021bii pentru un nerezident;<\/p>\n<p>&#8211; Men\u021binerea unui loc fix de afaceri, exclusiv \u00een scopul desf\u0103\u0219ur\u0103rii de activit\u0103\u021bi cu caracter preg\u0103titor sau auxiliar de c\u0103tre un nerezident;<\/p>\n<\/div>\n","protected":false},"excerpt":{"rendered":"<p>\u00cenfiin\u021barea companiilor in Rom\u00e2nia Un nou investitor \u00een Rom\u00e2nia are mai multe op\u021biuni disponibile atunci c\u00e2nd analizeaz\u0103 forma juridic\u0103 pe care investi\u021bia sa o poate lua, de la companii cu r\u0103spundere limitat\u0103, societ\u0103\u021bi pe ac\u021biuni \u0219i parteneriate la filiale, sucursale \u0219i reprezentan\u021be. \u00cenfiin\u021barea, func\u021bionarea, dizolvarea, fuziunea, divizarea \u0219i lichidarea societ\u0103\u021bilor comerciale sunt reglementate in principal [&hellip;]<\/p>\n","protected":false},"author":1,"featured_media":0,"parent":0,"menu_order":0,"comment_status":"closed","ping_status":"closed","template":"","meta":[],"_links":{"self":[{"href":"https:\/\/convenient.ro\/index.php\/wp-json\/wp\/v2\/pages\/600"}],"collection":[{"href":"https:\/\/convenient.ro\/index.php\/wp-json\/wp\/v2\/pages"}],"about":[{"href":"https:\/\/convenient.ro\/index.php\/wp-json\/wp\/v2\/types\/page"}],"author":[{"embeddable":true,"href":"https:\/\/convenient.ro\/index.php\/wp-json\/wp\/v2\/users\/1"}],"replies":[{"embeddable":true,"href":"https:\/\/convenient.ro\/index.php\/wp-json\/wp\/v2\/comments?post=600"}],"version-history":[{"count":1,"href":"https:\/\/convenient.ro\/index.php\/wp-json\/wp\/v2\/pages\/600\/revisions"}],"predecessor-version":[{"id":601,"href":"https:\/\/convenient.ro\/index.php\/wp-json\/wp\/v2\/pages\/600\/revisions\/601"}],"wp:attachment":[{"href":"https:\/\/convenient.ro\/index.php\/wp-json\/wp\/v2\/media?parent=600"}],"curies":[{"name":"wp","href":"https:\/\/api.w.org\/{rel}","templated":true}]}}