{"id":604,"date":"2016-04-04T17:37:27","date_gmt":"2016-04-04T17:37:27","guid":{"rendered":"http:\/\/144.76.0.143\/wordpress\/?page_id=604"},"modified":"2016-04-04T17:37:27","modified_gmt":"2016-04-04T17:37:27","slug":"sa","status":"publish","type":"page","link":"https:\/\/convenient.ro\/index.php\/sa\/","title":{"rendered":"SA"},"content":{"rendered":"<section class=\"right-side\">\n<section id=\"post-816\" class=\"post-816 post type-post status-publish format-standard hentry category-juridic\">\n<section class=\"entry\"><strong>Infiintare SA<\/strong><\/p>\n<p>Societatea pe actiuni este societatea al carei capital social este impartit in actiuni, iar obligatiile sociale sunt garantate cu patrimoniul social; actionarii raspund numai in limita aportului lor. Societatea pe actiuni se constituie dintr-un numar minim de 2 ( doi ) actionari.<br \/>\n&#8211; Capitalul social al societatii pe actiuni trebuie sa fie in valoare de minim 90.000 lei cca 25.000 euro, valoarea nominala a unei actiuni nu va putea fi mai mica de 0.1 lei.<br \/>\n&#8211; Sediul social se poate stabili si la cabinetul de avocat;<br \/>\n&#8211; Societatea pe actiuni va avea 3 cenzori ( din care unul trebuie sa fie expert contabil ) si un supleant, daca prin actul constitutiv nu se prevede un numar mai mare. In toate cazurile, numarul cenzorilor trebuie sa fie impar.<\/p>\n<div>\n<p><b>Pentru infiintare firma \u2013 societate pe actiuni (SA) trebuie sa ne puneti la dispozitie\u00a0 urmatoarele documente:<\/b><\/p>\n<ul>\n<li>copie C.I. \/ pasaport actionari;<\/li>\n<li>copie act de proprietate al sediului social in care va functiona societatea;<\/li>\n<li>dovada sediului social (contract de inchiriere\/subinchiriere\/contract de comodat);<\/li>\n<li>declara\u0163ia pe propria r\u0103spundere \u00een form\u0103 autentic\u0103 privind respectarea condi\u0163iilor referitoare la sediul social, \u00een cazul \u00een care, din certificatul emis \u00a0de administratia financiara competenta rezult\u0103 c\u0103 sunt deja \u00eenregistrate la administra\u0163ia financiar\u0103 alte documente care atest\u0103 \u00eenstr\u0103inarea dreptului de folosin\u0163\u0103 asupra aceluia\u015fi imobil cu destina\u0163ie de sediu social;<\/li>\n<li>actul care atesta dreptul de folosinta al societatii in spatiul destinat declararii sediului social;<\/li>\n<li>acordul vecinilor\/acordul asociatiei de proprietari;<\/li>\n<li>specimenele\u00a0de semnatura ale reprezentantilor societatii pe actiuni.<\/li>\n<\/ul>\n<p><b>Dosarul ce urmeaza a fi depus la Registrul Comertului pentru inregistrarea societatii comerciale pe actiuni va cuprinde urmatoarele documente:<\/b><\/p>\n<ul>\n<li>cererea de inregistrare;<\/li>\n<li>dovada verificarii disponibilitatii si a rezervarii firmei;<\/li>\n<li>actul constitutiv;<\/li>\n<li>dovada privind sediul social\/secundar;<\/li>\n<li>dovada capitalui social;<\/li>\n<li>actele privind proprietatea pentru aporturile in natura subscrise si varsate la constituire;<\/li>\n<li>declaratiile date pe propria raspundere, dupa caz, de catre fondatori\/administratori\/cenzori sau persoane fizice reprezentante ale persoanei juridice numita administrator sau cenzor, din care sa rezulte ca indeplinesc conditiile legale pentru detinerea acestor calitati;<\/li>\n<li>specimenele de semnatura ale reprezentantilor societatii;<\/li>\n<li>daca este cazul:\n<ul>\n<li>actele de inregistrare ale fondatorilor, administratorilor, cenzorilor persoane juridice;<\/li>\n<\/ul>\n<\/li>\n<\/ul>\n<ul>\n<ul>\n<li>hotararea organului statutar al fondatorilor persoane juridice privind participarea la constituirea;<\/li>\n<li>mandatul pentru persoana abilitata sa semneze actul constitutiv in numele si pe seama fondatorului persoana;<\/li>\n<li>declaratiafondatorilor administratorilor\/membrilor\/ privind datele de identificare a societatii de registru independent privat autorizat care tine registrul actionarilor;<\/li>\n<li>avizele prealabile prevazute de legile speciale;<\/li>\n<\/ul>\n<li>dovezile privind plata taxelor\/tarifelor legale;<\/li>\n<li>imputernicire avocatiala.<\/li>\n<\/ul>\n<p>Termen eliberare acte: o saptamana.<\/p>\n<\/div>\n<\/section>\n<\/section>\n<\/section>\n","protected":false},"excerpt":{"rendered":"<p>Infiintare SA Societatea pe actiuni este societatea al carei capital social este impartit in actiuni, iar obligatiile sociale sunt garantate cu patrimoniul social; actionarii raspund numai in limita aportului lor. Societatea pe actiuni se constituie dintr-un numar minim de 2 ( doi ) actionari. &#8211; Capitalul social al societatii pe actiuni trebuie sa fie in [&hellip;]<\/p>\n","protected":false},"author":1,"featured_media":0,"parent":0,"menu_order":0,"comment_status":"closed","ping_status":"closed","template":"","meta":[],"_links":{"self":[{"href":"https:\/\/convenient.ro\/index.php\/wp-json\/wp\/v2\/pages\/604"}],"collection":[{"href":"https:\/\/convenient.ro\/index.php\/wp-json\/wp\/v2\/pages"}],"about":[{"href":"https:\/\/convenient.ro\/index.php\/wp-json\/wp\/v2\/types\/page"}],"author":[{"embeddable":true,"href":"https:\/\/convenient.ro\/index.php\/wp-json\/wp\/v2\/users\/1"}],"replies":[{"embeddable":true,"href":"https:\/\/convenient.ro\/index.php\/wp-json\/wp\/v2\/comments?post=604"}],"version-history":[{"count":2,"href":"https:\/\/convenient.ro\/index.php\/wp-json\/wp\/v2\/pages\/604\/revisions"}],"predecessor-version":[{"id":811,"href":"https:\/\/convenient.ro\/index.php\/wp-json\/wp\/v2\/pages\/604\/revisions\/811"}],"wp:attachment":[{"href":"https:\/\/convenient.ro\/index.php\/wp-json\/wp\/v2\/media?parent=604"}],"curies":[{"name":"wp","href":"https:\/\/api.w.org\/{rel}","templated":true}]}}