{"id":622,"date":"2016-04-04T17:45:03","date_gmt":"2016-04-04T17:45:03","guid":{"rendered":"http:\/\/144.76.0.143\/wordpress\/?page_id=622"},"modified":"2016-04-04T17:45:03","modified_gmt":"2016-04-04T17:45:03","slug":"mediator","status":"publish","type":"page","link":"https:\/\/convenient.ro\/index.php\/mediator\/","title":{"rendered":"Mediator"},"content":{"rendered":"<section class=\"right-side\">\n<section id=\"post-498\" class=\"post-498 post type-post status-publish format-standard hentry category-administrativ\">\n<section class=\"entry\"><b>Medierea<\/b>\u00a0este o metod\u0103 alternativ\u0103 de rezolvare a disputelor \u00eentre dou\u0103 sau mai multe p\u0103r\u021bi ce doresc s\u0103 ajung\u0103 la o \u00een\u021belegere, cu ajutorul unei ter\u021be persoane, specializate, \u00een calitate de mediator. Disputele pot implica (din punct de vedere al p\u0103r\u021bilor) state, organiza\u021bii, comunit\u0103\u021bii, indivizi. Este de preferat s\u0103 se ajung\u0103 la un consens \u00eentre persoanele implicate \u0219i sa nu se ajung\u0103 la impunerea unei solu\u021bii de c\u0103tre un judec\u0103tor, care nu poate cunoa\u0219te problemele \u00een profunzimea lor. Medierea i\u021bi ofer\u0103 posibilitatea de a rezolva \u00eempreun\u0103 cu toate p\u0103r\u021bile implicate problemele ap\u0103rute \u0219i de a preveni apari\u021bia altora in viitor.<b><\/b><\/p>\n<p>Articolul alin. 1 \u0219i 2 din Legea 192\/2006 reglementeaz\u0103 medierea astfel: \u201e<strong><i>Medierea reprezint\u0103 o modalitate facultativ\u0103 de solu\u021bionare a conflictelor pe cale amiabil\u0103, cu ajutorul unei ter\u021be persoane specializate \u00een calitate de mediator, \u00een condi\u021bii de neutralitate, impar\u021bialitate \u0219i confidentialitate si <\/i><\/strong><i><strong>av\u00e2nd liberul consim\u021b\u0103m\u00e2nt al p\u0103r\u021bilor<\/strong>\u201d.<\/i><\/p>\n<p><i>\u201cMedierea se bazeaz\u0103 pe \u00eencrederea pe care p\u0103r\u0163ile o acord\u0103 mediatorului, ca persoan\u0103 apt\u0103 s\u0103 faciliteze negocierile dintre ele \u015fi s\u0103 le sprijine pentru solu\u0163ionarea conflictului, prin ob\u0163inerea unei solu\u0163ii reciproc convenabile, eficiente \u015fi durabile.\u201d<\/i><\/p>\n<p>Medierea este o <strong>NEGOCIERE ASISTAT\u0102<\/strong> de o ter\u021b\u0103 persoan\u0103 neutr\u0103 \u0219i impar\u021bial\u0103 \u2013 <strong>MEDIATOR<\/strong>, \u00een \u00eencercarea de a ajunge la o \u00een\u021belegere acceptat\u0103 de p\u0103r\u021bi, de a ob\u021bine o solu\u021bie reciproc convenabil\u0103, eficient\u0103 \u0219i durabil\u0103.<\/p>\n<p><i>P\u0103r\u021bile implicate pot folosi mediatori \u00een probleme comerciale, legale, diplomatice, de comunitate sau ne\u00een\u021belegeri de la locul de munc\u0103 sau familiale.<\/i><\/p>\n<p><strong>Mediatorii utilizeaz\u0103 tehnici specifice<\/strong> pentru a \u00eembun\u0103t\u0103\u021bi dialogul dintre p\u0103r\u021bile implicate ajut\u00e2nd la atingerea unei conven\u021bii (cu efecte concrete) \u00een problema pus\u0103 \u00een discu\u021bie.<\/p>\n<p><strong>Mediatorul este neutru si impar\u021bial<\/strong>, iar discu\u021biile se desfasoara \u00een condi\u021bii de maxima confiden\u021bialitate.<\/p>\n<p>Neutralitatea presupune c\u0103 mediatorul r\u0103m\u00e2ne \u00een afara conflictului dintre p\u0103r\u0163i, c\u0103 nu se implic\u0103 \u00een acest conflict dec\u00e2t \u00een limitele impuse de c\u0103tre procedur\u0103. Nu se afl\u0103 \u00een conflict de interese cu vreuna din p\u0103r\u021bi.<\/p>\n<p>Impar\u0163ialitatea mediatorului \u00eel oblig\u0103 s\u0103 stea \u00eentr-o pozi\u0163ie de mijloc fa\u0163\u0103 de p\u0103r\u0163i, arat\u0103 c\u0103 nu dore\u015fte ca o parte sau alta s\u0103 c\u00e2\u015ftige sau s\u0103 fie favorizat\u0103 \u00een timpul procedurii de mediere.<\/p>\n<p>Mediatorul \u015fi p\u0103r\u0163ile prezente, precum \u015fi avoca\u0163ii acestor p\u0103r\u0163i se oblig\u0103 s\u0103 p\u0103streze caracterul confiden\u0163ial al tuturor informa\u021biilor \u0219i aspectelor discutate \u00een mediere.<\/p>\n<p>Mediatorul le va solicita semnarea unui<strong> acord de confiden\u021bialitate<\/strong>.<\/p>\n<p><strong>Informarea prealabil\u0103 asupra procedurii<\/strong> \u2013 obligatoriu mediatorul va informa gratuit p\u0103r\u021bile despre principiile medierii, avantajele \u0219i efectele juridice care se produc, detalii despre procedur\u0103 \u015fi modul de desf\u0103\u015furare, \u00eenainte de semnarea contractului de mediere \u015fi de \u00eenceperea efectiv\u0103 a medierii (acceptul \u00een cuno\u0219tin\u021b\u0103 de cauza).<\/p>\n<p>P\u0103r\u021bile sunt libere s\u0103 decid\u0103 dac\u0103 accept\u0103 procedura de mediere \u0219i acordul rezultat. P\u0103r\u021bile se pot retrage oric\u00e2nd din procesul de mediere.<\/p>\n<p>Orice termen prev\u0103zut \u00een aceast\u0103 \u00een\u0163elegere trebuie s\u0103 fie propus \u015fi acceptat de c\u0103tre p\u0103r\u0163i.<\/p>\n<p><b>Rolul mediatorului si\u00a0Ce face un mediator<\/b><\/p>\n<p><b>\u00a0<\/b>Faciliteaz\u0103 rezolvarea voluntar\u0103 a disputei<\/p>\n<p>Ajut\u0103 p\u0103r\u021bile s\u0103 ajung\u0103 la propria lor \u00een\u021belegere<\/p>\n<p>Asist\u0103 p\u0103r\u021bile \u00een identificarea problemelor<\/p>\n<p>Identific\u0103 interesele comune \u0219i aspectele cu care p\u0103r\u021bile sunt \u00een dezacord<\/p>\n<p>Mediatorul conduce procesul de mediere, p\u0103r\u021bile genereaz\u0103 solu\u021bii \u0219i op\u021biuni<\/p>\n<p>Mediatorul stabile\u0219te \u00eent\u00e2lnirea, agenda, ajut\u0103 p\u0103r\u021bile s\u0103 fac\u0103 fa\u021b\u0103 emo\u021biilor<\/p>\n<p>Folose\u015fte tehnici variate pentru a interac\u0163iona cu p\u0103r\u0163ile \u015fi le ajut\u0103 pe acestea s\u0103 ajung\u0103 singure la o \u00een\u0163elegere<\/p>\n<p>Ajut\u0103 p\u0103r\u0163ile s\u0103-\u015fi controleze sentimentele \u015fi emo\u0163iile astfel \u00eenc\u00e2t s\u0103 poat\u0103 face un compromis<\/p>\n<p>Ajut\u0103 p\u0103r\u0163ile s\u0103 \u00een\u0163eleag\u0103 \u015fi s\u0103 simplifice ne\u00een\u0163elegerile dintre ele<\/p>\n<p>Ajut\u0103 p\u0103r\u0163ile s\u0103 g\u0103seasc\u0103 op\u0163iuni pentru rezolvarea disputei<\/p>\n<p>Ajut\u0103 p\u0103r\u0163ile s\u0103 vad\u0103 aspectele nepl\u0103cute \u00een cazul unei ne\u00een\u0163elegeri<\/p>\n<p>Riscul de a pierde<\/p>\n<p>Riscul de a c\u00e2\u015ftiga insuficient<\/p>\n<p>Costurile procesului<\/p>\n<p>\u00cent\u00e2rzierea rezolv\u0103rii cauzei<\/p>\n<p>Stres emo\u0163ional<\/p>\n<p>Ajut\u0103 p\u0103r\u0163ile s\u0103 negocieze pentru rezolvare<\/p>\n<p>Ajut\u0103 p\u0103r\u0163ile s\u0103 re\u0163in\u0103 rezultatul<\/p>\n<p><b>AVANTAJELE MEDIERII<\/b><\/p>\n<p><b>Pentru stat<\/b><\/p>\n<p>Degrevarea instan\u0163elor de judecat\u0103 de num\u0103rul mare de cazuri;<\/p>\n<p>Cre\u015fterea calit\u0103\u0163ii actului de justi\u0163ie, oferindu-se mai mult timp magistra\u0163ilor s\u0103 studieze, s\u0103 interpreteze \u015fi s\u0103 judece fiecare caz ce nu poate fi mediat;<\/p>\n<p>Sc\u0103derea costurilor presupuse de organizarea unui proces \u00een instan\u0163\u0103, costuri ce pot fi redirec\u0163ionate spre beneficiul justi\u0163iabililor<\/p>\n<p><b>Pentru p\u0103r\u021bi<\/b><\/p>\n<p>Costuri \u00een bani mai mici dec\u00e2t la instan\u0163a de judecat\u0103<\/p>\n<p>Rapiditatea ajungerii la o solu\u0163ie<\/p>\n<p>Flexibilitatea procedurii de mediere<\/p>\n<p>Participarea direct\u0103 a p\u0103r\u0163ilor \u00een ajungerea la o \u00een\u0163elegere<\/p>\n<p>Confiden\u0163ialitatea medierii<\/p>\n<p>Medierea este o procedur\u0103 privat\u0103<\/p>\n<p>P\u0103streaz\u0103 rela\u0163iile dintre p\u0103r\u0163i<\/p>\n<p>Rata mare de succes a medierii<\/p>\n<p>Articolele 62 \u0219i 63 din Legea nr.192\/2006 prezint\u0103 avantajele date de procesul de mediere:\u00a0<i>\u201c Pentru desf\u0103\u0219urarea procedurii de mediere, judecarea cauzelor civile de c\u0103tre instan\u021bele judec\u0103tore\u0219ti sau arbitrale va fi suspendat\u0103 la cererea p\u0103r\u021bilor, \u00een condi\u021biile prev\u0103zute de art. 242 alin. 1 pct. 1 din Codul de procedur\u0103 civil\u0103. Cursul termenului perim\u0103rii este suspendat pe durata desf\u0103\u0219ur\u0103rii procedurii de mediere, dar nu mai mult de 3 luni de la data semn\u0103rii contractului de mediere. Cererea de repunere pe rol este scutit\u0103 de taxa judiciar\u0103 de timbru.<\/i><\/p>\n<p>\u00cen cazul \u00een care conflictul a fost solu\u021bionat pe calea medierii, instan\u021ba va pronun\u021ba, la cererea p\u0103r\u021bilor, o hot\u0103r\u00e2re, potrivit dispozi\u021biilor art. 271 din Codul de procedur\u0103 civil\u0103. Odat\u0103 cu pronun\u021barea hot\u0103r\u00e2rii, instan\u021ba va dispune, la cererea p\u0103r\u021bii interesate, restituirea taxei judiciare de timbru pl\u0103tite pentru \u00eenvestirea acesteia.\u201d<\/p>\n<p><b>Pentru avoca\u021bi<\/b><\/p>\n<p>Spiritul combativ poate fi dezl\u0103n\u0163uit \u00een timpul medierii (\u00een sesiunea comun\u0103), f\u0103r\u0103 constr\u00e2ngeri sau sanc\u0163iuni ca \u00een cazul instan\u0163ei de judecat\u0103<\/p>\n<p>Un verdict negativ \u00een instan\u0163\u0103 poate \u00eensemna pierderea unor clien\u0163i \u015fi poten\u0163iali clien\u0163i, pe c\u00e2nd, \u00een mediere, niciun caz nu poate fi pierdut. Un succes \u00een mediere, rapid \u015fi mai ieftin pentru client, \u00eenseamn\u0103 p\u0103strarea unui client care poate aduce noi clien\u0163i<\/p>\n<p>La mediere onorariul poate fi mai mare dec\u00e2t \u00een instan\u0163\u0103, negocierea f\u0103c\u00e2ndu-se \u00een func\u0163ie de raportul costuri \u00een instan\u0163\u0103\/\u015fanse de c\u00e2\u015ftig\/durata unui proces, pentru tot ciclul procesual \u015fi chiar \u015fi pentru executarea unei hot\u0103r\u00e2ri judec\u0103tore\u015fti<\/p>\n<p>\u00cen cazul pierderii unui dosar este imposibil de recuperat un onorariu de succes, dar la mediere, unde ambele p\u0103r\u0163i c\u00e2\u015ftig\u0103, se poate negocia \u015fi primi un astfel de onorariu;<\/p>\n<p>Medierea ofer\u0103 avoca\u0163ilor un control asupra \u00een\u0163elegerii, a \u00eencheierii conflictului, control de care nu dispun \u00een instan\u0163a de judecat\u0103;<\/p>\n<p>Evit\u0103 s\u0103lile de judecat\u0103 \u00een favoarea unui birou de mediere;<\/p>\n<p>Termin\u0103 un dosar \u00eentr-un timp scurt, incomparabil cu durata unui proces \u00een instan\u0163\u0103, av\u00e2nd astfel mai mult timp pentru restul clien\u0163ior sau chiar timp liber;<\/p>\n<p>Mul\u0163i avoca\u0163i sunt \u00een situa\u0163ia de a refuza cauze mici, cauze la care onorariul pentru volumul de munc\u0103 \u00een instan\u0163\u0103 este egal sau mai mare dec\u00e2t suma sau valoarea obiectului \u00een disput\u0103. \u00cen cazul medierii, timpul \u0219i munca depus\u0103 de c\u0103tre avocat se reduc semnificativ \u015fi astfel, ace\u0219tia \u00ee\u0219i vor permite s\u0103 angajeze \u015fi aceste cauze;<\/p>\n<p>Nu exist\u0103 acte urgente de redactat, termene procedurale de respectat etc\u2026;<\/p>\n<p>Ofer\u0103 cel pu\u0163in aceea\u015fi satisfac\u0163ie ca \u015fi c\u00e2\u015ftigarea unui proces \u00een instan\u0163\u0103, f\u0103r\u0103 riscurile exercit\u0103rii unor c\u0103i de atac.<\/p>\n<p>Articolul 2 alin. 1 \u0219i 3 din Legea nr.192\/2006:\u00a0<i>\u201c<\/i>(1) Dac\u0103 legea nu prevede altfel, p\u0103r\u0163ile, persoane fizice sau persoane juridice, sunt obligate s\u0103 participe la \u015fedin\u0163a de informare privind avantajele medierii, inclusiv, dac\u0103 este cazul, dup\u0103 declan\u015farea unui proces \u00een fa\u0163a instan\u0163elor competente, \u00een vederea solu\u0163ion\u0103rii pe aceast\u0103 cale a conflictelor \u00een materie civil\u0103, de familie, \u00een materie penal\u0103, precum \u015fi \u00een alte materii, \u00een condi\u0163iile prev\u0103zute de lege.<\/p>\n<p>(3) <b><i>Persoanele fizice sau persoanele juridice au dreptul de a-\u015fi solu\u0163iona disputele prin mediere at\u00e2t \u00een afara, c\u00e2t \u015fi \u00een cadrul procedurilor obligatorii de solu\u0163ionare amiabil\u0103 a conflictelor prev\u0103zute de lege.\u201d<\/i><\/b><\/p>\n<p>Extras din Legea\u00a0\u00a0 Nr. 192 din 16 mai 2006\u00a0privind medierea \u015fi organizarea profesiei de mediator<\/p>\n<p>SEC\u0162IUNEA a 5-a<\/p>\n<p>Medierea \u00een cazul unui litigiu pe rolul instan\u0163elor de judecat\u0103<\/p>\n<p>ART. 60^1*)<\/p>\n<p>(1) \u00cen litigiile ce pot face, potrivit legii, obiect al medierii sau al altei forme alternative de solu\u0163ionare a conflictelor, p\u0103r\u0163ile \u015fi\/sau partea interesat\u0103, dup\u0103 caz, sunt \u0163inute s\u0103 fac\u0103 dovada c\u0103 au participat la \u015fedin\u0163a de informare cu privire la avantajele medierii, \u00een urm\u0103toarele materii:<\/p>\n<p>a) \u00een domeniul protec\u0163iei consumatorilor, c\u00e2nd consumatorul invoc\u0103 existen\u0163a unui prejudiciu ca urmare a achizi\u0163ion\u0103rii unui produs sau unui serviciu defectuos, a nerespect\u0103rii clauzelor contractuale ori garan\u0163iilor acordate, a existen\u0163ei unor clauze abuzive cuprinse \u00een contractele \u00eencheiate \u00eentre consumatori \u015fi operatorii economici ori a \u00eenc\u0103lc\u0103rii altor drepturi prev\u0103zute \u00een legisla\u0163ia na\u0163ional\u0103 sau a Uniunii Europene \u00een domeniul protec\u0163iei consumatorilor;<\/p>\n<p>b) \u00een materia dreptului familiei, \u00een situa\u0163iile prev\u0103zute la art. 64;<\/p>\n<p>c) \u00een domeniul litigiilor privind posesia, gr\u0103ni\u0163uirea, str\u0103mutarea de hotare, precum \u015fi \u00een orice alte litigii care privesc raporturile de vecin\u0103tate;<\/p>\n<p>d) \u00een domeniul r\u0103spunderii profesionale \u00een care poate fi angajat\u0103 r\u0103spunderea profesional\u0103, respectiv cauzele de malpraxis, \u00een m\u0103sura \u00een care prin legi speciale nu este prev\u0103zut\u0103 o alt\u0103 procedur\u0103;<\/p>\n<p>e) \u00een litigiile de munc\u0103 izvor\u00e2te din \u00eencheierea, executarea \u015fi \u00eencetarea contractelor individuale de munc\u0103;<\/p>\n<p>f) \u00een litigiile civile a c\u0103ror valoare este sub 50.000 lei, cu excep\u0163ia litigiilor \u00een care s-a pronun\u0163at o hot\u0103r\u00e2re executorie de deschidere a procedurii de insolven\u0163\u0103, a ac\u0163iunilor referitoare la registrul comer\u0163ului \u015fi a cazurilor \u00een care p\u0103r\u0163ile aleg s\u0103 recurg\u0103 la procedura prev\u0103zut\u0103 la art. 1.013 \u2013 1.024 sau la cea prev\u0103zut\u0103 la art. 1.025 \u2013 1.032 din Legea nr. 134\/2010, republicat\u0103, cu modific\u0103rile \u015fi complet\u0103rile ulterioare;<\/p>\n<p>g) \u00een cazul infrac\u0163iunilor pentru care retragerea pl\u00e2ngerii prealabile sau \u00eemp\u0103carea p\u0103r\u0163ilor \u00eenl\u0103tur\u0103 r\u0103spunderea penal\u0103, dup\u0103 formularea pl\u00e2ngerii, dac\u0103 f\u0103ptuitorul este cunoscut sau a fost identificat, iar victima \u00ee\u015fi exprim\u0103 consim\u0163\u0103m\u00e2ntul de a participa la \u015fedin\u0163a de informare \u00eempreun\u0103 cu f\u0103ptuitorul; dac\u0103 victima refuz\u0103 s\u0103 participe \u00eempreun\u0103 cu f\u0103ptuitorul, \u015fedin\u0163a de informare se desf\u0103\u015foar\u0103 separat.<\/p>\n<p>CAP. 6<\/p>\n<p>Dispozi\u0163ii speciale privind medierea unor conflicte<\/p>\n<p>SEC\u0162IUNEA 1<\/p>\n<p>Dispozi\u0163ii speciale privind conflictele de familie<\/p>\n<p>ART. 64<\/p>\n<p>(1) Pot fi rezolvate prin mediere ne\u00een\u0163elegerile dintre so\u0163i privitoare la:<\/p>\n<p>a) continuarea c\u0103s\u0103toriei;<\/p>\n<p>b) partajul de bunuri comune;<\/p>\n<p>c) exerci\u0163iul drepturilor p\u0103rinte\u015fti;<\/p>\n<p>d) stabilirea domiciliului copiilor;<\/p>\n<p>e) contribu\u0163ia p\u0103rin\u0163ilor la \u00eentre\u0163inerea copiilor;<\/p>\n<p>f) orice alte ne\u00een\u0163elegeri care apar \u00een raporturile dintre so\u0163i cu privire la drepturi de care ei pot dispune potrivit legii.<\/p>\n<p>(1^1) Acordurile de mediere \u00eencheiate de p\u0103r\u0163i, \u00een cauzele\/conflictele ce au ca obiect exerci\u0163iul drepturilor p\u0103rinte\u015fti, contribu\u0163ia p\u0103rin\u0163ilor la \u00eentre\u0163inerea copiilor \u015fi stabilirea domiciliului copiilor, \u00eembrac\u0103 forma unei hot\u0103r\u00e2ri de expedient.<\/p>\n<p>(2) \u00cen\u0163elegerea so\u0163ilor cu privire la desfacerea c\u0103s\u0103toriei \u015fi la rezolvarea aspectelor accesorii divor\u0163ului se depune de c\u0103tre p\u0103r\u0163i la instan\u0163a competent\u0103 s\u0103 pronun\u0163e divor\u0163ul.<\/p>\n<p>ART. 65<\/p>\n<p>Mediatorul va veghea ca rezultatul medierii s\u0103 nu contravin\u0103 interesului superior al copilului, va \u00eencuraja p\u0103rin\u0163ii s\u0103 se concentreze \u00een primul r\u00e2nd asupra nevoilor copilului, iar asumarea responsabilit\u0103\u0163ii p\u0103rinte\u015fti, separa\u0163ia \u00een fapt sau divor\u0163ul s\u0103 nu impieteze asupra cre\u015fterii \u015fi dezvolt\u0103rii acestuia.<\/p>\n<p>Medierea poate fi utilizata in materie de:<\/p>\n<p>a) familie:<\/p>\n<ul>\n<li>contracte prenup\u021biale;<\/li>\n<li>dezbateri privind finan\u021bele sau bugetul;<\/li>\n<li>separarea;<\/li>\n<li>divor\u021bul;<\/li>\n<li>custodia copiilor;<\/li>\n<li>afacerea familiei;<\/li>\n<li>dispute dintre p\u0103rin\u021bi \u0219i copiii adul\u021bi;<\/li>\n<li>probleme comportamentale;<\/li>\n<li>dispute imobiliare.<\/li>\n<\/ul>\n<p>b) la locul de munc\u0103:<\/p>\n<ul>\n<li>discriminare;<\/li>\n<li>h\u0103r\u021buire;<\/li>\n<li>administrarea muncii;<\/li>\n<li>pl\u00e2ngeri \u0219i prejudicii.<\/li>\n<\/ul>\n<p>c) dispute publice:<\/p>\n<ul>\n<li>de mediu;<\/li>\n<li>de utilizare a p\u0103m\u00e2ntului.<\/li>\n<\/ul>\n<p>d) alte dispute:<\/p>\n<ul>\n<li>ale asocia\u021biei de locatari;<\/li>\n<li>contracte de orice natur\u0103;<\/li>\n<li>prejudicii personale;<\/li>\n<li>parteneriate;<\/li>\n<li>organiza\u021bii non-profit;<\/li>\n<li>prevenirea violen\u021bei;<\/li>\n<li>medierea victimelor;<\/li>\n<li>conflicte \u0219colare.<\/li>\n<\/ul>\n<\/section>\n<\/section>\n<\/section>\n","protected":false},"excerpt":{"rendered":"<p>Medierea\u00a0este o metod\u0103 alternativ\u0103 de rezolvare a disputelor \u00eentre dou\u0103 sau mai multe p\u0103r\u021bi ce doresc s\u0103 ajung\u0103 la o \u00een\u021belegere, cu ajutorul unei ter\u021be persoane, specializate, \u00een calitate de mediator. Disputele pot implica (din punct de vedere al p\u0103r\u021bilor) state, organiza\u021bii, comunit\u0103\u021bii, indivizi. Este de preferat s\u0103 se ajung\u0103 la un consens \u00eentre persoanele [&hellip;]<\/p>\n","protected":false},"author":1,"featured_media":0,"parent":0,"menu_order":0,"comment_status":"closed","ping_status":"closed","template":"","meta":[],"_links":{"self":[{"href":"https:\/\/convenient.ro\/index.php\/wp-json\/wp\/v2\/pages\/622"}],"collection":[{"href":"https:\/\/convenient.ro\/index.php\/wp-json\/wp\/v2\/pages"}],"about":[{"href":"https:\/\/convenient.ro\/index.php\/wp-json\/wp\/v2\/types\/page"}],"author":[{"embeddable":true,"href":"https:\/\/convenient.ro\/index.php\/wp-json\/wp\/v2\/users\/1"}],"replies":[{"embeddable":true,"href":"https:\/\/convenient.ro\/index.php\/wp-json\/wp\/v2\/comments?post=622"}],"version-history":[{"count":1,"href":"https:\/\/convenient.ro\/index.php\/wp-json\/wp\/v2\/pages\/622\/revisions"}],"predecessor-version":[{"id":623,"href":"https:\/\/convenient.ro\/index.php\/wp-json\/wp\/v2\/pages\/622\/revisions\/623"}],"wp:attachment":[{"href":"https:\/\/convenient.ro\/index.php\/wp-json\/wp\/v2\/media?parent=622"}],"curies":[{"name":"wp","href":"https:\/\/api.w.org\/{rel}","templated":true}]}}