{"id":624,"date":"2016-04-04T17:45:32","date_gmt":"2016-04-04T17:45:32","guid":{"rendered":"http:\/\/144.76.0.143\/wordpress\/?page_id=624"},"modified":"2016-04-04T17:45:32","modified_gmt":"2016-04-04T17:45:32","slug":"lichidator","status":"publish","type":"page","link":"https:\/\/convenient.ro\/index.php\/lichidator\/","title":{"rendered":"Lichidator"},"content":{"rendered":"<section class=\"right-side\">\n<section id=\"post-64\" class=\"post-64 post type-post status-publish format-standard hentry category-administrativ category-fara-categorie\">\n<section class=\"entry\"><b>Servicii lichidator \u00a0\/\u00a0practician in insolventa\u00a0<\/b><\/p>\n<p>Va prezentam in continuare oferta noastra de servicii pentru \u00eendeplinirea atribu\u0163iilor de\u00a0practician in insolventa in aceasta cauza. Consideram astfel ca societatea noastra va asigura derularea procedurii de admistrare judiciara \/ faliment cu \u00eendeplinirea in totalitate a cerin\u0163elor impuse atat de legea insolventei cat si de c\u0103tre creditorii implica\u0163i in cauza. Echipa noastra beneficiaza in prezent si de experien\u0163a vasta in management si evaluarea intrerpinderii a membrilor sai, put\u00e2nd implica, in func\u0163ie de complexitatea cauzelor, si specialisti in alte domenii de interes pentru derularea optima a procedurilor concursuale.<\/p>\n<p>Onorariu practicat<\/p>\n<p>Cuantumul onorariului va f i stabilit de comun acord cu creditorii identifica\u0163i in cauza, in func\u0163ie de anumi\u0163i factori care determina gradul de complexitate a activitatii depuse. Se vor avea in vedere valoarea crean\u0163elor de recuperat, num\u0103rul de salaria\u0163i ai debitorului, complexitatea litigiilor in care este implicat debitorul, valoarea activelor debitorului si atractivitatea acestora pe pia\u0163a, nivelul lichidit\u0103\u0163ilor disponibile in averea debitorului pentru acoperirea cheltuiellor ini\u0163iale ale procedurii etc.<\/p>\n<p>Referitor la colaborarea cu p\u0103r\u0163ile implicate in prezenta cauza, celeritatea procedurii de insolventa, aratam ca acestea sunt asigurate in privin\u0163a accesului la informa\u0163ii din dosarul cauzei prin punerea la dispozi\u0163ie in termen util, atat a actelor procedurale obligatoriu a fi comunicate, (3 zile inainte de termenul de judecata pentru rapoartele de activitate, cel t\u00e2rziu odata cu afi\u015farea a tabelului crean\u0163elor etc ) cat si prin urgenta\u00a0solu\u0163ionare a altor solicit\u0103ri de comunicare date\/informatii \u00eenaintate de parti.<\/p>\n<p>Banzandu-ne pe experinta vasta a membrilor echipei, pe un suport logistic adecvat activitatii desfasurate, suntem convin\u015fi ca vom da dovada de o bun\u0103 \u00een\u0163elegere \u015fi interpretare a tuturor problemelor \u00een care societatea va fi implicata, asigurand derularea procedurilor de insolventa cu profesionalism, operativitate, integritate, flexibilitate si eficienta.<\/p>\n<p>In intelesul prezentei legi, termenii si expresiile de mai jos au urmatoarele semnificatii:<br \/>\n1.\u00a0<em>insolven\u0163a<\/em>\u00a0este acea stare a patrimoniului debitorului care se caracterizeaz\u0103 prin insuficien\u0163a fondurilor b\u0103ne\u015fti disponibile pentru plata datoriilor certe, lichide \u015fi exigibile:<br \/>\na) insolven\u0163a este\u00a0<em>prezumat\u0103<\/em>\u00a0ca fiind v\u0103dit\u0103 atunci c\u00e2nd debitorul, dup\u0103 90 de zile de la scaden\u0163\u0103, nu a pl\u0103tit datoria sa fa\u0163\u0103 de creditor; prezum\u0163ia este relativ\u0103;<br \/>\nb) insolventa este\u00a0<em>iminenta<\/em>\u00a0atunci cand se dovedeste ca debitorul nu va putea plati la scadenta datoriile exigibile angajate, cu fondurile banesti disponibile la data scadentei;<br \/>\n2. averea debitorului reprezinta totalitatea bunurilor si drepturilor sale patrimoniale \u2013 inclusiv cele dobandite in cursul procedurii insolventei \u2013 care pot face obiectul executarii silite, in conditiile reglementate de Codul de procedura civila.<\/p>\n<p><strong>Referitor la dosarul de insolventa, procedura ar fi urmatoarea:<\/strong><\/p>\n<p>&#8211; se depune cererea de deschidere a procedurii insotita de actele prevazute de\u00a0<strong>art.28 din legea 85\/2006<\/strong>, la care se adauga certificat constatator de la Registrul Comertului si hotararea adunarii generale a asociatilor in care se voteaza deschiderea procedurii ( de insolventa sau de faliment in forma simplificata ) si se numeste totodata si lichidatorul;<\/p>\n<p>&#8211; se depune oferta lichidatorului si polita de asigurare a acestuia;<\/p>\n<p>&#8211; in cererea de deschidere a procedurii se solicita desemnarea lichidatorului ( sau a administratorului judiciar daca se cere procedura de insolventa );<\/p>\n<p>&#8211; onorariul lichidatorului va fi cel fixat de judecatorul sindic odata cu deschiderea procedurii;<\/p>\n<p><strong>Dupa deschiderea procedurii se predau actele contabile pentru analiza.<\/strong><\/p>\n<p>Se valorifica bunurile ( daca exista ).<\/p>\n<p>Se notifica toti creditorii debitorului pentru intocmirea tabelelor preliminar si definitiv al creantelor.<\/p>\n<p>Daca se deschide falimentul atunci in doua termene maxim, aceasta procedura se poate si inchide.<\/p>\n<p>Taxa de timbru este fixa \u2013 de 200 lei si nu depinde de valoarea datoriilor.<\/p>\n<p><strong>\u00a0De la contabil se solicita urmatoarele:<\/strong><\/p>\n<p><strong>\u00a0<\/strong>ART. 28<br \/>\n(1) Cererea debitorului trebuie sa fie insotita de urmatoarele acte:<br \/>\na) bilantul certificat de catre administrator si cenzor\/auditor, balanta de verificare pentru luna precedenta datei inregistrarii cererii de deschidere a procedurii;<br \/>\nb) o lista completa a tuturor bunurilor debitorului, incluzand toate conturile si bancile prin care debitorul isi ruleaza fondurile; pentru bunurile grevate se vor mentiona datele din registrele de publicitate;<br \/>\nc) o lista a numelor si a adreselor creditorilor, oricum ar fi creantele acestora: certe sau sub conditie, lichide ori nelichide, scadente sau nescadente, necontestate ori contestate, aratandu-se suma, cauza si drepturile de preferinta;<br \/>\nd) o lista cuprinzand platile si transferurile patrimoniale efectuate de debitor in cele 120 de zile anterioare inregistrarii cererii introductive;<br \/>\ne) o lista a activitatilor curente pe care intentioneaza sa le desfasoare in perioada de observatie;<br \/>\nf) contul de profit si pierdere pe anul anterior depunerii cererii;<br \/>\ng) o lista a membrilor grupului de interes economic sau, dupa caz, a asociatilor cu raspundere nelimitata, pentru societatile in nume colectiv si cele in comandita;<br \/>\nh) o declaratie prin care debitorul isi arata intentia de intrare in procedura simplificata sau de reorganizare, conform unui plan, prin restructurarea activitatii ori prin lichidarea, in tot sau in parte, a averii, in vederea stingerii datoriilor sale; daca aceasta declaratie nu va fi depusa pana la expirarea termenului stabilit la alin. (2), se prezuma ca debitorul este de acord cu initierea procedurii simplificate;<br \/>\ni) o descriere sumara a modalitatilor pe care le are in vedere pentru reorganizarea activitatii;<br \/>\nj) o declaratie pe propria raspundere, autentificata la notar ori certificata de un avocat, sau un certificat de la registrul societatilor agricole ori, dupa caz, oficiul registrului comertului in a carui raza teritoriala se afla domiciliul profesional\/sediul social, din care sa rezulte daca a mai fost supus procedurii prevazute de prezenta lege intr-un interval de 5 ani anterior formularii cererii introductive;<br \/>\nk) o declaratie pe propria raspundere autentificata de notar sau certificata de avocat, din care sa rezulte ca nu a fost condamnat definitiv pentru fals ori pentru infractiuni prevazute in\u00a0Legea concurentei nr. 21\/1996\u00a0si ca administratorii, directorii si\/sau asociatii nu au fost condamnati definitiv pentru bancruta frauduloasa, gestiune frauduloasa, abuz de incredere, inselaciune, delapidare, marturie mincinoasa, infractiuni de fals ori infractiuni prevazute inLegea nr. 21\/1996, in ultimii 5 ani anteriori deschiderii procedurii;<br \/>\nl) un certificat de admitere la tranzactionare pe o piata reglementata a valorilor mobiliare sau a altor instrumente financiare emise.<br \/>\n(2) Dac\u0103 debitorul nu dispune, la momentul \u00eenregistr\u0103rii cererii, de vreuna dintre informa\u0163iile prev\u0103zute la alin. (1) lit. a)-f) \u015fi h), va putea \u00eenregistra acea informa\u0163ie la tribunal \u00een termen de 5 zile; dac\u0103 nu o va face, el va fi dec\u0103zut din dreptul de a propune un plan de reorganizare. \u2013 deci, daca nu poate face ceva de la alin. (1) lit. a)-f) \u015fi h), nu i nicio problema<br \/>\nAlin. (2) al art. 28 a fost modificat de pct. 10 al\u00a0art. I din LEGEA nr. 277 din 7 iulie 2009, publicat\u0103 \u00een MONITORUL OFICIAL nr. 486 din 14 iulie 2009, care completeaz\u0103\u00a0art.\u00a0I din ORDONAN\u0162A DE URGEN\u0162\u0102 nr. 173 din 19 noiembrie 2008, publicat\u0103 \u00een MONITORUL OFICIAL nr. 792 din 26 noiembrie 2008, cu pct. 14^4.<\/p>\n<\/section>\n<\/section>\n<\/section>\n","protected":false},"excerpt":{"rendered":"<p>Servicii lichidator \u00a0\/\u00a0practician in insolventa\u00a0 Va prezentam in continuare oferta noastra de servicii pentru \u00eendeplinirea atribu\u0163iilor de\u00a0practician in insolventa in aceasta cauza. Consideram astfel ca societatea noastra va asigura derularea procedurii de admistrare judiciara \/ faliment cu \u00eendeplinirea in totalitate a cerin\u0163elor impuse atat de legea insolventei cat si de c\u0103tre creditorii implica\u0163i in cauza. [&hellip;]<\/p>\n","protected":false},"author":1,"featured_media":0,"parent":0,"menu_order":0,"comment_status":"closed","ping_status":"closed","template":"","meta":[],"_links":{"self":[{"href":"https:\/\/convenient.ro\/index.php\/wp-json\/wp\/v2\/pages\/624"}],"collection":[{"href":"https:\/\/convenient.ro\/index.php\/wp-json\/wp\/v2\/pages"}],"about":[{"href":"https:\/\/convenient.ro\/index.php\/wp-json\/wp\/v2\/types\/page"}],"author":[{"embeddable":true,"href":"https:\/\/convenient.ro\/index.php\/wp-json\/wp\/v2\/users\/1"}],"replies":[{"embeddable":true,"href":"https:\/\/convenient.ro\/index.php\/wp-json\/wp\/v2\/comments?post=624"}],"version-history":[{"count":1,"href":"https:\/\/convenient.ro\/index.php\/wp-json\/wp\/v2\/pages\/624\/revisions"}],"predecessor-version":[{"id":625,"href":"https:\/\/convenient.ro\/index.php\/wp-json\/wp\/v2\/pages\/624\/revisions\/625"}],"wp:attachment":[{"href":"https:\/\/convenient.ro\/index.php\/wp-json\/wp\/v2\/media?parent=624"}],"curies":[{"name":"wp","href":"https:\/\/api.w.org\/{rel}","templated":true}]}}