{"id":647,"date":"2016-04-08T16:09:58","date_gmt":"2016-04-08T16:09:58","guid":{"rendered":"http:\/\/144.76.0.143\/wordpress\/?page_id=647"},"modified":"2016-04-08T16:22:15","modified_gmt":"2016-04-08T16:22:15","slug":"cetatenie","status":"publish","type":"page","link":"https:\/\/convenient.ro\/index.php\/cetatenie\/","title":{"rendered":"Cetatenie"},"content":{"rendered":"<section class=\"right-side\">\n<section id=\"post-747\" class=\"post-747 post type-post status-publish format-standard hentry category-servicii-sidebar\">\n<section class=\"entry\"><strong>Acordare cetatenie<\/strong><\/p>\n<p>Actele \u015fi taxele necesare pentru depunerea cererii de acordare a cet\u0103\u0163eniei rom\u00e2ne<br \/>\n(Art. 8 din Legea nr. 21\/1991)<\/p>\n<p>ACTE NECESARE:<br \/>\n1. PA\u015eAPORT \u00een copie legalizat\u0103 sau \u00ab\u00a0conform cu originalul\u00a0\u00bb, cu traducere legalizat\u0103;<br \/>\n2. PERMIS de \u015federe permanent\u0103 pentru cet\u0103\u0163eni str\u0103ini \u00een copie\u00a0legalizat\u0103 sau \u00ab\u00a0conform cu originalul\u00a0\u00bb;<br \/>\n3. HOT\u0102R\u00c2REA prin care s-a stabilit domiciliul \u00een Rom\u00e2nia \u00een copie legalizat\u0103 eliberat\u0103 de Oficiul Rom\u00e2n pentru Imigr\u0103ri;<br \/>\n4. ADEVERIN\u0162\u0102 din care s\u0103 rezulte domiciliul legal \u00een Rom\u00e2nia de cel pu\u0163in 8 ani sau, \u00een cazul \u00een care este c\u0103s\u0103torit cu un cet\u0103\u0163ean rom\u00e2n, de cel pu\u0163in 5 ani de la data c\u0103s\u0103toriei\u00a0&#8211;\u00a0eliberat\u0103 de Oficiul Rom\u00e2n pentru Imigr\u0103ri;<br \/>\n5. DECLARA\u0162IE personal\u0103 autentificat\u0103 la notar din care s\u0103 rezulte c\u0103\u00a0\u00een prezent nu \u00eentreprinde \u015fi nu sprijin\u0103 ac\u0163iuni \u00eempotriva ordinii de drept, ori a siguran\u0163ei na\u0163ionale \u015fi nici \u00een trecut nu a desf\u0103\u015furat asemenea activit\u0103\u0163i;<br \/>\n6. CERTIFICAT de NA\u015eTERE \u00een copie legalizat\u0103 \u015fi traducere \u00een limba rom\u00e2n\u0103, legalizat\u0103;<br \/>\n7. CERTIFICAT de C\u0102S\u0102TORIE \u00een copie legalizat\u0103;<br \/>\n8. DOVADA cet\u0103\u0163eniei rom\u00e2ne a so\u0163ului sau a so\u0163iei (actul de identitate \u00een copie legalizat\u0103), dac\u0103 este cazul;<br \/>\n9. CERTIFICATE de NA\u015eTERE ale minorilor\u00a0\u00een copii legalizate;<br \/>\n10.\u00a0ACORDUL p\u0103rin\u0163ilor privind dob\u00e2ndirea cet\u0103\u0163eniei rom\u00e2ne pentru copii dat prin declara\u0163ie autentificat\u0103 la notar;<br \/>\n11.\u00a0Consim\u0163\u0103m\u00e2ntul minorului care a \u00eemplinit v\u00e2rsta de 14 ani pentru dob\u00e2ndirea cet\u0103\u0163eniei rom\u00e2ne dat prin declara\u0163ie autentificat\u0103 la notar \u015fi \u00een prezen\u0163a unui p\u0103rinte;<br \/>\n12.\u00a0CAZIER JUDICIAR din Rom\u00e2nia;<br \/>\n13.\u00a0CAZIER JUDICIAR din str\u0103in\u0103tate \u00een original, apostilat\/supralegalizat \u015fi cu traducere \u00een limba rom\u00e2n\u0103, legalizat\u0103 la notar;<br \/>\n14.\u00a0DOVADA locuin\u0163ei \u00een copie legalizat\u0103 prin una din urm\u0103toarele variante:<br \/>\nA. prin contract de \u00eenchiriere \u00eenregistrat la Administra\u0163ia Financiar\u0103 \u00een copie legalizat\u0103 \u015fi extras CF de informare al proprietarului pentru imobilul \u00een cauz\u0103.<br \/>\nB. prin contract de v\u00e2nzare-cump\u0103rare \u00een copie legalizat\u0103 \u015fi extras CF de informare al proprietarului pentru imobilul \u00een cauz\u0103.<br \/>\nC. prin contract de comodat \u00een copie legalizat\u0103 \u015fi extras CF de informare al proprietarului pentru imobilul \u00een cauz\u0103.<br \/>\nD. prin declara\u0163ie autentificat\u0103 la notar de luare \u00een spa\u0163iu \u015fi \u015fi extras CF de informare al proprietarului pentru imobilul \u00een cauz\u0103.<br \/>\n15.\u00a0DOVADA mijloacelor legale pentru o existen\u0163\u0103 decent\u0103 \u00een Rom\u00e2nia, \u00een condi\u0163iile stabilite de legisla\u0163ia privind regimul str\u0103inilor (dup\u0103 caz):<br \/>\nA. venituri din activit\u0103\u0163i comerciale<br \/>\na) actul constitutiv al societ\u0103\u0163ii comerciale \u00een copie legalizat\u0103;<br \/>\nb) CUI \u00een fotocopie.<br \/>\nc) bilan\u0163 contabil de la sf\u00e2r\u015fitul anului precedent, \u00eenregistrat la Administra\u0163ia Financiar\u0103.<br \/>\nd) HOT\u0102R\u00c2REA AGA de repartizare a dividendelor sau respectiv procesul verbal al asociatului unic;<br \/>\ne) DOVADA \u00eencas\u0103rii dividendelor cuvenite;<br \/>\nf) DOVADA achit\u0103rii impozitului pe dividendele \u00eencasate;<br \/>\ng) CERTIFICAT constatator de la Oficiul Registrul Comer\u0163ului pentru societatea comercial\u0103.<br \/>\nh) CERTIFICAT de atestare fiscal\u0103 eliberat de Administra\u0163ia Finan\u0163elor Publice de la sediul societ\u0103\u0163ii comerciale privind plata impozitelor \u015fi taxelor c\u0103tre stat.<\/p>\n<p>B.\u00a0CONTRACT individual de munc\u0103 cu viza Inspectoratului Teritorial de Munc\u0103 \u00een copie legalizat\u0103 precum \u015fi adeverin\u0163\u0103 din care s\u0103 rezulte salariul lunar NET.<\/p>\n<p>C. Venituri din cedarea folosin\u0163ei bunurilor<br \/>\na) declara\u0163ia de venit global privind ob\u0163inerea de venituri din cedarea folosin\u0163ei bunurilor.<br \/>\nb) certificat de atestare fiscal\u0103 pentru persoane fizice.<br \/>\nD.\u00a0TALON de pensie sau alte dovezi;<\/p>\n<p>Persoanele care solicit\u0103 acordarea cet\u0103\u0163eniei rom\u00e2ne trebuie s\u0103 cunoasc\u0103:<br \/>\n&#8211; Limba rom\u00e2n\u0103 (scris \u015fi citit);<br \/>\n&#8211; Constitu\u0163ia Rom\u00e2niei \u015fi Imnul na\u0163ional;<br \/>\n&#8211; No\u0163iuni elementare de cultur\u0103 \u015fi civiliza\u0163ie rom\u00e2neasc\u0103 (istoria \u015fi geografia Rom\u00e2niei, art\u0103 \u015fi literatur\u0103 rom\u00e2n\u0103).<\/p>\n<\/section>\n<\/section>\n<\/section>\n","protected":false},"excerpt":{"rendered":"<p>Acordare cetatenie Actele \u015fi taxele necesare pentru depunerea cererii de acordare a cet\u0103\u0163eniei rom\u00e2ne (Art. 8 din Legea nr. 21\/1991) ACTE NECESARE: 1. PA\u015eAPORT \u00een copie legalizat\u0103 sau \u00ab\u00a0conform cu originalul\u00a0\u00bb, cu traducere legalizat\u0103; 2. PERMIS de \u015federe permanent\u0103 pentru cet\u0103\u0163eni str\u0103ini \u00een copie\u00a0legalizat\u0103 sau \u00ab\u00a0conform cu originalul\u00a0\u00bb; 3. HOT\u0102R\u00c2REA prin care s-a stabilit domiciliul [&hellip;]<\/p>\n","protected":false},"author":1,"featured_media":0,"parent":0,"menu_order":0,"comment_status":"closed","ping_status":"closed","template":"","meta":[],"_links":{"self":[{"href":"https:\/\/convenient.ro\/index.php\/wp-json\/wp\/v2\/pages\/647"}],"collection":[{"href":"https:\/\/convenient.ro\/index.php\/wp-json\/wp\/v2\/pages"}],"about":[{"href":"https:\/\/convenient.ro\/index.php\/wp-json\/wp\/v2\/types\/page"}],"author":[{"embeddable":true,"href":"https:\/\/convenient.ro\/index.php\/wp-json\/wp\/v2\/users\/1"}],"replies":[{"embeddable":true,"href":"https:\/\/convenient.ro\/index.php\/wp-json\/wp\/v2\/comments?post=647"}],"version-history":[{"count":2,"href":"https:\/\/convenient.ro\/index.php\/wp-json\/wp\/v2\/pages\/647\/revisions"}],"predecessor-version":[{"id":650,"href":"https:\/\/convenient.ro\/index.php\/wp-json\/wp\/v2\/pages\/647\/revisions\/650"}],"wp:attachment":[{"href":"https:\/\/convenient.ro\/index.php\/wp-json\/wp\/v2\/media?parent=647"}],"curies":[{"name":"wp","href":"https:\/\/api.w.org\/{rel}","templated":true}]}}