{"id":666,"date":"2016-04-11T18:03:05","date_gmt":"2016-04-11T18:03:05","guid":{"rendered":"http:\/\/144.76.0.143\/wordpress\/?page_id=666"},"modified":"2016-04-16T04:16:32","modified_gmt":"2016-04-16T04:16:32","slug":"traducator","status":"publish","type":"page","link":"https:\/\/convenient.ro\/index.php\/traducator\/","title":{"rendered":"Traducator"},"content":{"rendered":"<h2>Traduceri tehnice<\/h2>\n<p>Manuale de utilizare si de \u00eentretinere, caiete de sarcini, cataloage de produse, fise tehnice, brosuri etc. \u00een domeniul echipamentelor industriale si al constructiilor de autovehicule, industrie energetica, industrie petrochimica, constructii civile, IT, transporturi, mediu etc.<\/p>\n<h2>Traduceri juridice<\/h2>\n<p>Legislatie, sentinte judecatoresti, procuri, acte constitutive, somatii, acte de studii si de stare civila, declaratii, corespondente etc.<\/p>\n<h2>Traduceri economice<\/h2>\n<p>Bilanturi, contracte societati, rapoarte, situatii contabile, certificate, inventare.<\/p>\n<h2>Servicii de interpretariat<\/h2>\n<p>Servicii de interpretariat consecutiv si simultan pentru conferinte, \u00eent\u00e2lniri de afaceri, negocieri, servicii notariale<\/p>\n<h2>Cand ai nevoie de traduceri legalizate<\/h2>\n<p>In general, aveti nevoie de o traducere legalizata atunci cand este vorba de traducerea unor documente oficiale, emise de institutii ale statului:<\/p>\n<ul>\n<li>traduceri legalizate acte auto: cerificat de inmatriculare, carte de identitate a autovehicului, factura, contract de vanzare cumparare;<\/li>\n<li>traduceri legalizate documente de identitate: pasaport, carte de identitate, buletin de identitate, certificat de nastere, permis de conducere, certificat de casatorie, certificat de deces, permis de rezidenta;<\/li>\n<li>traduceri legalizate acte firme: certificat de inmatriculare, hotarari AGA, incheierea judecatorului delegat la Registrul Comertului;<\/li>\n<li>traduceri legalizate acte de studii: diploma de licenta, foi matricole, diploma de bacalaureat;<\/li>\n<li>traduceri legalizate cazier judiciar si fiscal, invitatii in strainatate, procuri, adeverinte medicale;<\/li>\n<li>traduceri legalizate documente emise de instante judecatoresti: hotarari judecatoresti, decizii, sentinte, citatii.<\/li>\n<\/ul>\n<h2>Ce inseamna traduceri legalizate<\/h2>\n<p>Traducerile legalizate au primit aceasta denumire pentru ca sunt legalizate de un notar public. Notarul certifica faptul ca semnatura traducatorului este autentica. Fiecare dintre traducatorii nostri autorizati a depus un specimen de semnatura la notar. Daca apelati la serviciile noastre de traducere, ne ocupam si de legalizarea documentelor fara sa va percepem taxe suplimentare. Formulari precum traduceri notariale sau legalizare notariala a semnaturii traducatorului se refera la acelasi lucru: traduceri legalizate. Realizarea unei traduceri legalizate depinde de doua conditii:<\/p>\n<ol>\n<li>Traducerea trebuie sa fie executata de un traducator autorizat de Ministerul Justitiei (traduceri autorizate);<\/li>\n<li>Traducatorul autorizat trebuie sa fi depus un specimen de semnatura la notar. Atunci cand legalizeaza o traducere, notarii verifica daca semnatura traducatorului corespunde cu specimeul de semnatura depus anterior.<\/li>\n<\/ol>\n<p>Rezumand, notarul certifica fapul ca semnatura traducatorului este autentica si ca traducatorul detine o autorizatie valabila, emisa de Ministerul Justitiei.<\/p>\n<p>Apostila este un certificat eliberat de autorit\u0103\u0163ile competente ale unui stat semnatar al Conven\u0163iei de la Haga, pentru actele oficiale \u00eentocmite \u00een tara respectiva, care urmeaz\u0103 sa fie prezentate pe teritoriul unui alt stat semnatar al Conven\u0163iei.<br \/>\nApostila este in fapt o \u015ftampil\u0103 care se aplic\u0103 pe anumite acte \u015fi prin care se atest\u0103 veridicitatea semn\u0103turii, calitatea \u00een care a ac\u0163ionat semnatarul actului sau, dup\u0103 caz, identitatea sigiliului sau a \u015ftampilei de pe acest act.<\/p>\n<p><strong>Autoritatile competente sa aplice apostila in Romania sunt urmatoarele :<\/strong><\/p>\n<p>CAMERELE NOTARILOR PUBLICI \u2013 incep\u00e2nd cu 26 noiembrie 2010, aplic\u0103 Apostila pe actele notariale intocmite de catre notarul public cu respectarea dispozitiilor Legii nr. 36\/1995 (\u00eenscrisuri autentice, cu data cert\u0103, cu legalizare de semn\u0103tur\u0103, traduceri legalizate).<\/p>\n<p>INSTITUTIA PREFECTULUI \u2013 aplic\u0103 Apostila pe originalul urm\u0103toarelor tipuri de acte:<br \/>\ncertificate de na\u015ftere formatul nou, emise dup\u0103 01.01.1998<br \/>\ncertificate de c\u0103s\u0103torie formatul nou, emise dup\u0103 01.01.1998<br \/>\ncertificate de deces formatul nou, emise dup\u0103 01.01.1998<br \/>\ncertificate de cazier judiciar si certificate de cazier auto eliberate cu cel mult 6 luni \u00een urm\u0103<br \/>\ncertificate de reziden\u0163\u0103 fiscal\u0103 redactate at\u00e2t \u00een limba rom\u00e2n\u0103 c\u00e2t \u015fi englez\u0103, eliberate de administra\u0163iile finan\u0163elor publice<br \/>\nadeverin\u0163e prin care se atest\u0103 domiciliul \u015fi cet\u0103\u0163enia persoanei sau statutul juridic fa\u0163\u0103 de statul rom\u00e2n eliberate de Inspectoratul Na\u0163ional pentru Eviden\u0163a Persoanelor<br \/>\nadeverin\u0163e privind componen\u0163a familiei eliberate de Direc\u0163iile Generale Publice de Eviden\u0163\u0103 a Persoanelor<br \/>\nactele de studii preuniversitare<br \/>\nactele de studii superioare<br \/>\ndocumente ce atest\u0103 calitatea de \u015fcolarizat pe teritoriul Rom\u00e2niei, pentru cet\u0103\u0163enii str\u0103ini<br \/>\ncertificate de botez\/cununie vizate \u00een prealabil de Direc\u0163ia Jude\u0163ean\u0103 pentru Cultur\u0103, Culte \u015fi Patrimoniul Cultural Na\u0163ional<br \/>\ncertificatele de competen\u0163\u0103 ale personalului maritim navigant vizate de Ministerul Transporturilor si Infrastructurii<br \/>\nbrevete de turism emise de Autoritatea Na\u0163ional\u0103 pentru Turism<br \/>\nadeverin\u0163e prin care se atest\u0103 vechimea \u00een munc\u0103 vizate \u00een prealabil de Casa Na\u0163ional\u0103 de Pensii si alte Drepturi de Asigur\u0103ri Sociale<br \/>\nadeverin\u0163e de calificare \u00een diferite meserii vizate \u00een prealabil de agen\u0163iile jude\u0163ene pentru ocuparea for\u0163ei de munc\u0103, pentru certificatele emise \u00eenainte de 1989, respectiv \u00eentre anii 1990-2003 \u015fi Agen\u0163ia Municipal\u0103 pentru Ocuparea For\u0163ei de Munc\u0103 Bucure\u015fti sau Direc\u0163ia de Munc\u0103, Solidaritate Social\u0103 \u015fi Familie Bucure\u015fti<\/p>\n<p>TRIBUNAL &#8211; aplic\u0103 Apostila pe urm\u0103toarele tipuri de acte:<\/p>\n<p>hot\u0103r\u00e2ri judec\u0103tore\u015fti<br \/>\nactele originale care eman\u0103 de la un executor judec\u0103toresc<br \/>\nactele originale emise de Registrul Comer\u0163ului<\/p>\n","protected":false},"excerpt":{"rendered":"<p>Traduceri tehnice Manuale de utilizare si de \u00eentretinere, caiete de sarcini, cataloage de produse, fise tehnice, brosuri etc. \u00een domeniul echipamentelor industriale si al constructiilor de autovehicule, industrie energetica, industrie petrochimica, constructii civile, IT, transporturi, mediu etc. Traduceri juridice Legislatie, sentinte judecatoresti, procuri, acte constitutive, somatii, acte de studii si de stare civila, declaratii, corespondente [&hellip;]<\/p>\n","protected":false},"author":1,"featured_media":0,"parent":0,"menu_order":0,"comment_status":"closed","ping_status":"closed","template":"","meta":[],"_links":{"self":[{"href":"https:\/\/convenient.ro\/index.php\/wp-json\/wp\/v2\/pages\/666"}],"collection":[{"href":"https:\/\/convenient.ro\/index.php\/wp-json\/wp\/v2\/pages"}],"about":[{"href":"https:\/\/convenient.ro\/index.php\/wp-json\/wp\/v2\/types\/page"}],"author":[{"embeddable":true,"href":"https:\/\/convenient.ro\/index.php\/wp-json\/wp\/v2\/users\/1"}],"replies":[{"embeddable":true,"href":"https:\/\/convenient.ro\/index.php\/wp-json\/wp\/v2\/comments?post=666"}],"version-history":[{"count":3,"href":"https:\/\/convenient.ro\/index.php\/wp-json\/wp\/v2\/pages\/666\/revisions"}],"predecessor-version":[{"id":791,"href":"https:\/\/convenient.ro\/index.php\/wp-json\/wp\/v2\/pages\/666\/revisions\/791"}],"wp:attachment":[{"href":"https:\/\/convenient.ro\/index.php\/wp-json\/wp\/v2\/media?parent=666"}],"curies":[{"name":"wp","href":"https:\/\/api.w.org\/{rel}","templated":true}]}}