{"id":694,"date":"2016-04-11T18:48:46","date_gmt":"2016-04-11T18:48:46","guid":{"rendered":"http:\/\/144.76.0.143\/wordpress\/?page_id=694"},"modified":"2022-03-13T17:03:23","modified_gmt":"2022-03-13T17:03:23","slug":"dizolvare-lichidare-radiere-firma","status":"publish","type":"page","link":"https:\/\/convenient.ro\/index.php\/dizolvare-lichidare-radiere-firma\/","title":{"rendered":"Dizolvari, lichidari, radieri"},"content":{"rendered":"<section class=\"right-side\">\n<section id=\"post-136\" class=\"post-136 post type-post status-publish format-standard hentry category-servicii-sidebar\">\n<section class=\"entry\">\n<section>\n<h1>Dizolvare, lichidare, radiere firma<\/h1>\n<p>Procedura de desfiintare a unei societati presupune depunerea la Registrul Comertului a doua dosare ce reprezinta cele doua etape ce trebuie parcurse: cea de lichidare si ulterior cea de radiere.<\/p>\n<p>Etapa 1 \u2013 dizolvarea si lichidarea voluntara<\/p>\n<ul>\n<li>Cerere de inregistrare a mentiunii \u2013 se obtine de la Registrul Comertului si se completeaza de delegat;<\/li>\n<li>Hotararea AGA sau decizia asociatului unic \u2013 avem nevoie de copii de pe certificatul de inmatriculare (CUI) si cartile de identitate ale asociatilor;<\/li>\n<li>Imputernicirea persoanei delegate care va depune mentiunea in Registru Comertului;<\/li>\n<li>Dovada achitarii taxelor \u2013 chitantele care fac dovada achitarii taxelor la Registru Comertului si care se depun la dosar.<\/li>\n<\/ul>\n<\/section>\n<\/section>\n<p>Etapa 1 \u2013 radiere<\/p>\n<p>Cerere tip \u2013 de radiere;<br \/>\nCertificatul de inregistrare si anexele \u2013 certificatul de inmatriculare (CUI) si certificatele constatatoare;<br \/>\nSituatia financiara de lichidare \u2013 Bilantul de lichidare;<br \/>\nHotararea de repartizare a activelor \u2013 dupa caz;<br \/>\nCertificat fiscal de la Administratia Financiara din care rezulta ca societatea nu are datorii la bugetul de stat si la contributiile sociale;<br \/>\nImputernicirea persoanei care depune mentiunea;<br \/>\nDovada achitarii taxelor \u2013 chitantele care fac dovada achitarii taxelor la Registru Comertului si care se depun la dosar.<\/p>\n<section class=\"entry\">\n<section><strong>Durata procedurii este de cuprinsa intre 1- 2 luni.<\/strong><\/section>\n<h3 class=\"pagina_cu_module\">Documentele necesare pentru \u00eenregistrarea men\u0163iunilor privind radierea ulterior constat\u0103rii dizolv\u0103rii a\u00a0SRL cu asociat unic (art. 227 alin. (1) lit. a) din Legea nr. 31\/1990, republicat\u0103, cu modific\u0103rile \u015fi complet\u0103rile ulterioare<\/h3>\n<p><strong>Opera\u0163iuni prealabile<\/strong><\/p>\n<ol>\n<li>Cererea de depunere \u015fi men\u0163ionare acte (original) &#8211; pentru depunerea situa\u0163iei financiare de lichidare \u015fi de repartizare a activului aprobat\u0103 de asociatul unic , bifat\u0103 la pct. 5.12;<\/li>\n<li>Hot\u0103r\u00e2rea instan\u0163ei de constatare a dizolv\u0103rii de drept (copie).<\/li>\n<\/ol>\n<p><strong>\u00cenregistrare<\/strong><\/p>\n<ol>\n<li>Cererea de radiere (original) ;<strong><br \/>\n<\/strong><\/li>\n<li>Hot\u0103r\u00e2rea irevocabil\u0103 a instan\u0163ei de constatare a dizolv\u0103rii de drept (original);<\/li>\n<li>Situa\u0163ia financiar\u0103 de lichidare \u015fi de repartizare a activului aprobat\u0103 de asociatul unic, certificat\u0103 de persoanele autorizate, potrivit legii, \u015fi dovada public\u0103rii acesteia pe pagina de internet a ONRC cu minimum 15 zile \u00eenainte de depunerea cererii. Confirmarea public\u0103rii se efectueaz\u0103 de ORCT;<\/li>\n<li>Certificatul de \u00eenregistrare \u015fi certificatul constatator de autorizare\u00a0(originale);<\/li>\n<li>Dac\u0103 este cazul:\n<ul>\n<li>avizele prev\u0103zute \u00een legile speciale (copie );<\/li>\n<li>\u00eemputernicire special\u0103 (\u00een form\u0103 autentic\u0103), avoca\u0163ial\u0103 sau delega\u0163ie pentru persoanele desemnate s\u0103 \u00eendeplineasc\u0103 formalit\u0103\u0163ile legale (original).<\/li>\n<\/ul>\n<\/li>\n<\/ol>\n<\/section>\n<h3 class=\"pagina_cu_module\">Documentele necesare pentru \u00eenregistrarea men\u0163iunilor privind radierea urmare constat\u0103rii dizolv\u0103rii a\u00a0SNC, SCS, SRL cu mai mul\u0163i asocia\u0163i, SA \u015fi SCA (art. 227 alin. (1) lit. a) din Legea nr. 31\/1990, republicat\u0103<\/h3>\n<p><strong>Etapa I<\/strong><\/p>\n<ol>\n<li>Cererea de \u00eenregistrare (original) ;<\/li>\n<li>Hot\u0103r\u00e2rea instan\u0163ei de constatare a dizolv\u0103rii de drept (original);<\/li>\n<li>Hotar\u00e2rea adun\u0103rii asocia\u0163ilor\/cererea de numire a unui lichidator ;<\/li>\n<li>Specimenele de semn\u0103tur\u0103 ale lichidatorilor (original) ;<\/li>\n<li>Autoriza\u0163ia eliberat\u0103 de UNPIR \u015fi, dup\u0103 caz, actul de identitate al lichidatorului (copie);<\/li>\n<li>Dac\u0103\u00a0 este cazul:\n<ul>\n<li>datele de identificare pentru lichidatorul persoan\u0103 juridic\u0103 (copie) ;<strong><br \/>\n<\/strong><\/li>\n<li>\u00eemputernicire special\u0103 (\u00een form\u0103 autentic\u0103), avoca\u0163ial\u0103 sau delega\u0163ie pentru persoanele desemnate s\u0103 \u00eendeplineasc\u0103 formalit\u0103\u0163ile legale (original).<\/li>\n<\/ul>\n<\/li>\n<\/ol>\n<p><strong>Etapa a-II-a<\/strong><strong><br \/>\n<\/strong><\/p>\n<ol>\n<li>Cererea de depunere \u015fi men\u0163ionare acte (original) &#8211; pentru depunerea situa\u0163iei financiare de lichidare \u015fi de repartizare a activului aprobat\u0103 de asocia\u0163i\/ac\u0163ionari \u015fi certificat\u0103 de c\u0103tre persoanele autorizate, potrivit legii (copie ), bifat\u0103 la pct. 5.12;<\/li>\n<li>Dovezile privind plata tarifului legal<\/li>\n<\/ol>\n<p><strong>Etapa a-III-a<\/strong><\/p>\n<ol>\n<li>Cererea de radiere (original) ;<\/li>\n<li>Actul de numire a lichidatorului ;<\/li>\n<li>Situa\u0163ia financiar\u0103 de lichidare \u015fi proiectul de repartizare a activului semnat de asocia\u0163i\/ac\u0163ionari, certificat\u0103 de persoanele autorizate potrivit legii (copie ) \u015fi dovada public\u0103rii acesteia pe pagina de internet a ONRC sau \u00een Monitorul Oficial cu minimum 15 zile,\u00a0respectiv 30 de zile pentru SA \u015fi SCA, \u00eenainte de depunerea cererii. Confirmarea public\u0103rii se efectueaz\u0103 de ORCT;<\/li>\n<li>Raportul lichidatorilor (original);<\/li>\n<li>Certificatul de \u00eenregistrare \u015fi certificatul constatator de autorizare\u00a0(originale);<\/li>\n<li>Dac\u0103 este cazul:\n<ul>\n<li>darea de seam\u0103 asupra gestiunii administratorilor \u015fi raportul cenzorilor\/auditorilor financiari, dac\u0103 unul sau mul\u0163i administratori din SCA \u015fi SA au fost numi\u0163i lichidatori (original);<\/li>\n<li>registrele SA \u015fi SCA;<\/li>\n<li>hot\u0103r\u00e2rea judec\u0103toreasc\u0103 irevocabil\u0103 prin care s-a respins opozi\u0163ia;<\/li>\n<li>avizele prealabile prev\u0103zute de legile speciale (original);<\/li>\n<li>\u00eemputernicire special\u0103 (\u00een form\u0103 autentic\u0103), avoca\u0163ial\u0103 sau delega\u0163ie pentru persoanele desemnate s\u0103 \u00eendeplineasc\u0103\u00a0 formalit\u0103\u0163ile legale (original).<\/li>\n<\/ul>\n<\/li>\n<\/ol>\n<h3 class=\"pagina_cu_module\">Documentele necesare pentru \u00eenregistrarea men\u0163iunilor privind radierea urmare dizolv\u0103rii voluntare \u015fi lichid\u0103rii\u00a0\u00a0SNC, SCS, SRL, SA \u015fi SCA cu numire de lichidator (art. 227 alin. (1), lit. b), d), art. 228 \u015fi art. 233 din Legea nr. 31\/1990, republicat\u0103, cu modific\u0103rile \u015fi complet\u0103rile ulterioare);<\/h3>\n<p><strong>Etapa I<\/strong><strong>\u00a0<\/strong><\/p>\n<ol>\n<li>Cererea de depunere \u015fi men\u0163ionare acte (original) ;<\/li>\n<li>Hot\u0103r\u00e2rea adun\u0103rii generale a asocia\u0163ilor\/ac\u0163ionarilor privind dizolvarea \u015fi numirea lichidatorului cu men\u0163iunea \u00eencet\u0103rii mandatului membrilor organelor de administrare \u015fi\/sau de conducere ale persoanei juridice (original) ;<\/li>\n<li>Dac\u0103 este cazul, \u00eemputernicire special\u0103 (\u00een form\u0103 autentic\u0103), avoca\u0163ial\u0103 sau delega\u0163ie pentru persoanele desemnate s\u0103 \u00eendeplineasc\u0103 formalit\u0103\u0163ile legale (original);<\/li>\n<li>Dovezile privind plata tarifului legal<\/li>\n<\/ol>\n<p><strong>Etapa a II-a<\/strong> <strong><br \/>\n<\/strong><\/p>\n<ol>\n<li>Cererea de \u00eenregistrare (original) ;<\/li>\n<li>Hot\u0103r\u00e2rea de la etapa I-a pct. 2 (copie) \u015fi, dup\u0103 caz, hot\u0103r\u00e2rea judec\u0103toreasc\u0103 irevocabil\u0103 c\u00e2nd lichidatorul a fost numit de instan\u0163a judec\u0103toreasc\u0103;<\/li>\n<li>Dovada public\u0103rii hot\u0103r\u00e2rii de dizolvare \u015fi de numire a lichidatorului \u00een Monitorul Oficial al Rom\u00e2niei. Confirmarea va fi f\u0103cut\u0103 de ORCT;<\/li>\n<li>Specimenele de semn\u0103tur\u0103 ale lichidatorilor (original) ;<\/li>\n<li>Autoriza\u0163ia eliberat\u0103 de UNPIR \u015fi, dup\u0103 caz, actul de identitate al lichidatorului (copie);<\/li>\n<li>Dac\u0103 este cazul:\n<ul>\n<li>hot\u0103r\u00e2rea judec\u0103toreasc\u0103 irevocabil\u0103 prin care s-a respins opozi\u0163ia;<\/li>\n<li>avizele prealabile prev\u0103zute de legile speciale (copie );<\/li>\n<li>\u00eemputernicire special\u0103 sau avoca\u0163ial\u0103 pentru persoanele desemnate s\u0103 \u00eendeplineasc\u0103 formalit\u0103\u0163ile legale (original).<\/li>\n<\/ul>\n<\/li>\n<\/ol>\n<p><strong>Etapa a-III-a<\/strong><strong><br \/>\n<\/strong><\/p>\n<ol>\n<li>Cererea de depunere \u015fi men\u0163ionare acte (original) , pentru depunerea situa\u0163iei financiare de lichidare \u015fi de repartizare a activului aprobat\u0103 de asocia\u0163i\/ac\u0163ionari, certificat\u0103 de persoanele autorizate potrivit legii (copie ), bifat\u0103 la pct. 5.12;<\/li>\n<li>Dovezile privind plata tarifului legal.<\/li>\n<\/ol>\n<p><strong>Etapa a-IV-a<\/strong><strong>\u00a0<\/strong><\/p>\n<ol>\n<li>Cererea de radiere (original) ;<\/li>\n<li>Situa\u0163ia financiar\u0103 de lichidare \u015fi de repartizare a activului aprobat\u0103 de asocia\u0163i\/membri, certificat\u0103 de c\u0103tre persoanele autorizate, potrivit legii (copie) \u015fi dovada public\u0103rii acesteia pe pagina de internet a ONRC sau \u00een Monitorul Oficial cu minimum 15 zile, respectiv 30 de zile (pentru SA \u015fi SCA) \u00eenainte de depunerea cererii. Confirmarea public\u0103rii se efectueaz\u0103 de ORCT;<\/li>\n<li>Certificatul de \u00eenregistrare \u015fi certificatul constatator de autorizare\u00a0(originale);<\/li>\n<li>Dac\u0103 este cazul:\n<ul>\n<li>hot\u0103r\u00e2rea judec\u0103toreasc\u0103 irevocabil\u0103 prin care s-a respins opozi\u0163ia;<\/li>\n<li>darea de seam\u0103 asupra gestiunii administratorilor \u015fi raportul cenzorilor\/auditorilor financiari, dac\u0103 unul sau mul\u0163i administratori din SA \u015fi SCA au fost numi\u0163i lichidatori (original), \u00een cazul SA \u015fi SCA;<\/li>\n<li>registrele SA \u015fi SCA;<\/li>\n<li>\u00eemputernicire special\u0103 (\u00een form\u0103 autentic\u0103), avoca\u0163ial\u0103 sau delega\u0163ie pentru persoanele desemnate s\u0103 \u00eendeplineasc\u0103 formalit\u0103\u0163ile legale (original).<\/li>\n<\/ul>\n<\/li>\n<\/ol>\n<h3 class=\"Normal1\">Documentele necesare pentru \u00eenregistrarea men\u0163iunilor privind radierea urmare dizolv\u0103rii \u015fi lichid\u0103rii\u00a0SNC, SCS, SRL \u015fi SCA (deces &#8211; art. 229 \u015fi art. 230 din Legea nr. 31\/1990, republicat\u0103, cu modific\u0103rile \u015fi complet\u0103rile ulterioare)<\/h3>\n<p><strong>Etapa I<\/strong><strong>\u00a0<\/strong><\/p>\n<ol>\n<li>Cererea de depunere \u015fi\/sau men\u0163ionare acte (original);<\/li>\n<li>Hot\u0103r\u00e2rea adun\u0103rii generale a asocia\u0163ilor\/ac\u0163ionarilor privind dizolvarea \u015fi\u00a0 numire a lichidatorului (original);<\/li>\n<li>Dac\u0103 este cazul,\u00a0 dovada privind \u00eemputernicirea persoanei desemnate s\u0103 \u00eendeplineasc\u0103 formalit\u0103\u021bile legale (original);<\/li>\n<li>Dovezile privind plata tarifului legal :<\/li>\n<\/ol>\n<p><strong>Etapa a II-a<\/strong><strong><br \/>\n<\/strong><\/p>\n<ol>\n<li>Cererea de \u00eenregistrare (original) ;<\/li>\n<li>Hot\u0103r\u00e2rea de la Etapa I, pct. 2 (copie) \u015fi, dup\u0103 caz, hot\u0103r\u00e2rea judec\u0103toreasc\u0103\u00a0definitiv\u0103 c\u00e2nd lichidatorul a fost numit de instan\u0163a judec\u0103toreasc\u0103;<\/li>\n<li>Dovada public\u0103rii hot\u0103r\u00e2rii de dizolvare \u015fi de numire a lichidatorului \u00een Monitorul Oficial al Rom\u00e2niei, efectuat\u0103 prin grija personalului ORCT, din oficiu;<\/li>\n<li>Certificatul de deces, \u00een cazul decesului unuia din asocia\u0163i sau a unicului asociat comanditat sau comanditar, c\u00e2nd datorit\u0103 acestor cauze num\u0103rul asocia\u0163ilor s-a redus la unul singur, cu excep\u0163ia SRL care poate continua activitatea cu asociat unic conform dispozi\u0163iilor legale sau statutare (copie certificat\u0103);<\/li>\n<li>Specimenul de semn\u0103tur\u0103 a lichidatorului (original) ;<\/li>\n<li>Autoriza\u0163ia eliberat\u0103 de UNPIR \u015fi, dup\u0103 caz, actul de identitate a lichidatorului (copie certificat\u0103 de parte);<\/li>\n<li>Dac\u0103 este cazul:\n<ul>\n<li>declara\u0163iile mo\u015ftenitorilor cu privire la renun\u0163area la continuarea activit\u0103\u0163ii societ\u0103\u0163ii (original);<\/li>\n<li>certificatul de mo\u015ftenitor (copie);<\/li>\n<li>dovada autoriza\u021biilor\/avizelor eliberate de autorit\u0103\u021bile competente ca o condi\u021bie prealabil\u0103 \u00eenmatricul\u0103rii\/\u00eenregistr\u0103rii \u00een registrul comer\u021bului, c\u00e2nd emiterea unor astfel de autoriza\u021bii\/avize este prev\u0103zut\u0103 de lege, \u00a0dovezile privind \u00eendeplinirea condi\u021biilor prev\u0103zute prin legi speciale, corespunz\u0103tor domeniului de activitate, avizele prealabile prev\u0103zute de legile speciale (\u00een original sau copie certificat\u0103);<\/li>\n<li>dovada privind \u00eemputernicirea persoanei desemnate s\u0103 \u00eendeplineasc\u0103 formalit\u0103\u021bile legale (original).<\/li>\n<\/ul>\n<\/li>\n<\/ol>\n<p><strong>Etapa a-III-a <\/strong><strong><br \/>\n<\/strong><\/p>\n<ol>\n<li>Cererea de depunere \u015fi\/sau men\u0163ionare acte (original) &#8211; <a href=\"https:\/\/www.onrc.ro\/templates\/site\/formulare\/11-10-184.pdf\" target=\"_blank\" rel=\"noopener noreferrer\">formular<\/a>;<\/li>\n<li>Situa\u0163ia financiar\u0103 de lichidare \u015fi repartizare a activului societ\u0103\u021bii, certificat\u0103 de c\u0103tre persoanele autorizate, potrivit legii (copie)\u00a0&#8211;\u00a0<a href=\"https:\/\/www.onrc.ro\/index.php\/ro\/dizolvari-lichidari-radieri\/persoane-juridice\/dizolvarea-voluntara-si-lichidarea-snc-scs-srl-sa-si-sca-cu-numire-de-lichidator?id=1197\">detalii<\/a>;<\/li>\n<li>Dup\u0103 caz, raportul cenzorilor sau raportul auditorilor financiari (original);<\/li>\n<li>Dac\u0103 este cazul, darea de seam\u0103 asupra gestiunii administratorilor, respectiv a directoratului, dac\u0103 unul sau mul\u0163i administratori din SA \u015fi SCA au fost numi\u0163i lichidatori (original)\u00a0&#8211;\u00a0<a href=\"https:\/\/www.onrc.ro\/index.php\/ro\/dizolvari-lichidari-radieri\/persoane-juridice\/dizolvarea-voluntara-si-lichidarea-snc-scs-srl-sa-si-sca-cu-numire-de-lichidator?id=1207\">detalii<\/a>;<\/li>\n<li>Dovezile privind plata tarifului legal (numai pentru SA \u015fi SCA).<\/li>\n<\/ol>\n<p><strong>Etapa a IV-a<\/strong><\/p>\n<ol>\n<li>Cererea de radiere (original) ;<\/li>\n<li>Dovada public\u0103rii situa\u0163iei financiare de lichidare \u015fi repartizare a activelor, aprobat\u0103 de asocia\u0163i\/membri, efectuat\u0103 de c\u0103tre ORCT, din oficiu;<\/li>\n<li>Raportul lichidatorului (original);<\/li>\n<li>Dac\u0103 este cazul:\n<ul>\n<li>hot\u0103r\u00e2rea judec\u0103toreasc\u0103 de \u00eenchidere a procedurii insolven\u0163ei sau falimentului \u015fi de dispunere a radierii;<\/li>\n<li>dovada privind \u00eemputernicirea persoanei desemnate s\u0103 \u00eendeplineasc\u0103 formalit\u0103\u021bile legale<em>\u00a0(<\/em>original);<\/li>\n<li>dovada privind plata tarifului po\u015ftal, \u00een original sau \u00een copie certificat\u0103 .<\/li>\n<\/ul>\n<\/li>\n<\/ol>\n<p><strong><em>Sursa: https:\/\/www.onrc.ro\/index.php\/ro\/<\/em><\/strong><\/p>\n<p><strong>Oficiul Na\u021bional al Registrului Comer\u021bului<\/strong><\/p>\n<\/section>\n<\/section>\n","protected":false},"excerpt":{"rendered":"<p>Dizolvare, lichidare, radiere firma Procedura de desfiintare a unei societati presupune depunerea la Registrul Comertului a doua dosare ce reprezinta cele doua etape ce trebuie parcurse: cea de lichidare si ulterior cea de radiere. Etapa 1 \u2013 dizolvarea si lichidarea voluntara Cerere de inregistrare a mentiunii \u2013 se obtine de la Registrul Comertului si se [&hellip;]<\/p>\n","protected":false},"author":1,"featured_media":0,"parent":0,"menu_order":0,"comment_status":"closed","ping_status":"closed","template":"","meta":[],"_links":{"self":[{"href":"https:\/\/convenient.ro\/index.php\/wp-json\/wp\/v2\/pages\/694"}],"collection":[{"href":"https:\/\/convenient.ro\/index.php\/wp-json\/wp\/v2\/pages"}],"about":[{"href":"https:\/\/convenient.ro\/index.php\/wp-json\/wp\/v2\/types\/page"}],"author":[{"embeddable":true,"href":"https:\/\/convenient.ro\/index.php\/wp-json\/wp\/v2\/users\/1"}],"replies":[{"embeddable":true,"href":"https:\/\/convenient.ro\/index.php\/wp-json\/wp\/v2\/comments?post=694"}],"version-history":[{"count":6,"href":"https:\/\/convenient.ro\/index.php\/wp-json\/wp\/v2\/pages\/694\/revisions"}],"predecessor-version":[{"id":1021,"href":"https:\/\/convenient.ro\/index.php\/wp-json\/wp\/v2\/pages\/694\/revisions\/1021"}],"wp:attachment":[{"href":"https:\/\/convenient.ro\/index.php\/wp-json\/wp\/v2\/media?parent=694"}],"curies":[{"name":"wp","href":"https:\/\/api.w.org\/{rel}","templated":true}]}}