{"id":700,"date":"2016-04-11T18:49:58","date_gmt":"2016-04-11T18:49:58","guid":{"rendered":"http:\/\/144.76.0.143\/wordpress\/?page_id=700"},"modified":"2022-03-13T18:38:58","modified_gmt":"2022-03-13T18:38:58","slug":"majorari-de-capital-social","status":"publish","type":"page","link":"https:\/\/convenient.ro\/index.php\/majorari-de-capital-social\/","title":{"rendered":"Majorari de capital social"},"content":{"rendered":"<p><strong>Capitalului social &#8211;<\/strong>\u00a0<i>Parte din patrimoniul unei societati ce cuprinde aportul (in bani sau in natura) adus de membri acesteia in vederea atingerii scopului urmarit.<\/i><\/p>\n<p>M<strong>ajorarea capitalului social al societ\u0103\u0163ii<\/strong>, opera\u0163iune prin care societatea \u00ee\u015fi m\u0103re\u015fte capitalul social. Hot\u0103r\u00e2rea privind m.c.s. se adopt\u0103, \u00een cazul S.A., de adunarea general\u0103 extraordinar\u0103, cu respectarea cerin\u0163elor de cvorum \u015fi majoritate impuse de lege. In cazul SRL, hot\u0103r\u00e2rea se adopt\u0103 valabil cu votul tuturor asocia\u0163ilor, \u00een afar\u0103 de cazul c\u00e2nd actul constitutiv prevede altfel.<\/p>\n<p align=\"left\"><strong>Majorare capital social prin aport in numerar<\/strong><\/p>\n<p align=\"left\">Necesar acte :<\/p>\n<p align=\"left\">&#8211; act constitutiv actualizat al Societatii care si majoreaza capitalul social;<\/p>\n<p align=\"left\">&#8211; CUI -ul societatii;<\/p>\n<p align=\"left\">&#8211; CI asociat (i) &amp; administrator(i);<\/p>\n<p align=\"left\">&#8211; suma cu care se va majora capitalul social;<\/p>\n<p align=\"left\">&#8211; foaia de varsamant de la banca\/op-ul prin care s-au virat banii in contul Societatii.<\/p>\n<p align=\"left\">\u00a0Termen de eliberare: 5 zile lucratoare.<\/p>\n<h3><strong>Documentele necesare pentru \u00eenregistrarea men\u0163iunii privind majorarea capitalului social al societ\u0103\u0163ilor<br \/>\n<\/strong><\/h3>\n<p>I.\u00a0<strong>Majorarea capitalului social prin aporturi \u00een numerar<\/strong><\/p>\n<ol>\n<li>Cererea de \u00eenregistrare (original) ;<\/li>\n<li>Actul modificator al actului constitutiv, \u00eencheiat \u00een forma prev\u0103zut\u0103 de lege (original);<\/li>\n<li>Dovada efectu\u0103rii v\u0103rs\u0103mintelor, \u00een copie certificat\u0103 \u2013 detalii;<\/li>\n<li>Dovada privind plata tarifului legal de publicitate \u015fi, dup\u0103 caz, a tarifului po\u015ftal, \u00een original sau \u00een copie certificat\u0103 de parte<\/li>\n<\/ol>\n<p>II.\u00a0<strong>Majorarea capitalului social al societ\u0103\u021bilor pe ac\u021biuni<\/strong><\/p>\n<ul>\n<li><strong>\u00cen cazul major\u0103rii capitalului realizat\u0103 prin subscrip\u021bie simultan\u0103, la cererea de \u00eenregistrare <\/strong>(original) <strong>se ata\u0219eaz\u0103:<\/strong><\/li>\n<\/ul>\n<p>&#8211; actul modificator al actului constitutiv, \u00eencheiat \u00een forma prev\u0103zut\u0103 de lege (original) ;<br \/>\n&#8211; \u00a0dovada efectu\u0103rii v\u0103rs\u0103mintelor corespunz\u0103toare, \u00een copie certificat\u0103;<br \/>\n&#8211; dovezile privind plata tarifelor legale \u0219i timbrul judiciar, \u00een original;<\/p>\n<ul>\n<li><strong>\u00cen cazul major\u0103rii capitalului realizat\u0103 prin <\/strong><strong>subscrip\u0163ie public\u0103, <\/strong>la cererea de \u00eenregistrare (original)\u00a0 se ata\u015feaz\u0103:<\/li>\n<\/ul>\n<p>&#8211; hot\u0103r\u00e2rea adun\u0103rii generale privind inten\u0163ia de majorare a capitalului sau, dup\u0103 caz, decizia consiliului de administra\u0163ie\/ directoratului emis\u0103 \u00een temeiul \u00eemputernicirii date prin actul constitutiv sau prin hot\u0103r\u00e2rea adun\u0103rii generale, \u00een original. \u00cen acest din urm\u0103 caz se va depune \u015fi hot\u0103r\u00e2rea adun\u0103rii generale care con\u0163ine \u00eemputernicirea, \u00een original;<br \/>\n&#8211; copia prospectului de emisiune \u00eentocmit \u00een form\u0103 autentic\u0103, \u00eencuviin\u0163at de Autoritatea de Supraveghere Financiar\u0103, publicat \u00een Monitorul Oficial al Rom\u00e2niei, Partea a IV-a, \u00een cazul societ\u0103\u0163ilor reglementate de legisla\u0163ia pie\u0163ei de capital;<br \/>\n&#8211;\u00a0dovada privind plata tarifului legal de publicitate \u015fi, dup\u0103 caz, a tarifului po\u015ftal, \u00een original sau \u00een copie certificat\u0103 de parte;<br \/>\n&#8211; actul modificator, \u00een original;<br \/>\n&#8211; dovezile privind plata taxelor legale \u015fi timbrul judiciar, \u00een original.<\/p>\n<ul>\n<li><strong>\u00cen cazul major\u0103rii capitalului realizat\u0103 prin ofert\u0103<\/strong> <strong>public\u0103 primar\u0103 sau pe baz\u0103 de prospect de subscriere simplificat,<\/strong> la cererea de \u00eenregistrare (original) se ata\u015feaz\u0103:<\/li>\n<\/ul>\n<p>&#8211; hot\u0103r\u00e2rea adun\u0103rii generale privind inten\u0163ia de majorare a capitalului sau, dup\u0103 caz, decizia consiliului de administra\u0163ie\/ directoratului emis\u0103 \u00een temeiul \u00eemputernicirii date prin actul constitutiv sau prin hot\u0103r\u00e2rea adun\u0103rii generale, \u00een original. \u00cen acest din urm\u0103 caz se va depune \u015fi hot\u0103r\u00e2rea adun\u0103rii generale care con\u0163ine \u00eemputernicirea, \u00een original;<br \/>\n&#8211; copia prospectului de emisiune \u00eentocmit \u00een form\u0103 autentic\u0103, \u00eencuviin\u0163at de Autoritatea de Supraveghere Financiar\u0103, publicat \u00een Monitorul Oficial al Rom\u00e2niei, Partea a IV-a, \u00een cazul societ\u0103\u0163ilor reglementate de legisla\u0163ia pie\u0163ei de capital;<br \/>\n&#8211; dovada privind plata tarifului legal de publicitate \u015fi, dup\u0103 caz, a tarifului po\u015ftal, \u00een original sau \u00een copie certificat\u0103 de parte;<br \/>\n&#8211; actul modificator, \u00een original;<br \/>\n&#8211; dovada notific\u0103rii adresate de societate Autorit\u0103\u021bii de Supraveghere Financiar\u0103 cu privire la rezultatele ofertei publice;<br \/>\n&#8211; dovezile privind plata taxelor legale \u015fi timbrul judiciar, \u00een original.<\/p>\n<p>III.\u00a0<strong>Majorarea capitalului social prin aporturi \u00een natur\u0103<\/strong><\/p>\n<ol>\n<li>Cererea de \u00eenregistrare (original) ;<\/li>\n<li>Actul modificator, \u00een original, cu precizarea num\u0103rului de ac\u0163iuni\/p\u0103r\u0163i sociale alocate \u00een schimbul aportului \u00een natur\u0103 ;<\/li>\n<li>Dovada dreptului de proprietate al asociatului\/ac\u0163ionarului\/ membrului persoanei juridice asupra aporturilor \u00een natur\u0103, \u00een copie certificat\u0103. \u00cen situa\u0163ia \u00een care aportul este constituit dintr-un imobil, se ata\u015feaz\u0103 \u015fi extrasul de carte funciar\u0103, \u00een original;<\/li>\n<li>Raportul de evaluare \u00eentocmit de expertul desemnat de directorul ORCT\/persoana desemnat\u0103, pentru care s-a efectuat publicitatea, \u00een condi\u0163iile legii, \u00een original, dup\u0103 caz;<\/li>\n<li>Dovada privind plata tarifului legal de publicitate \u015fi, dup\u0103 caz, a tarifului po\u015ftal, \u00een original sau \u00een copie certificat\u0103 de parte ;<\/li>\n<\/ol>\n<p>IV.\u00a0La cererea de \u00eenregistrare a men\u0163iunii privind <strong>majorarea capitalului social prin \u00eencorporarea rezervelor\/ beneficiilor\/primelor de emisiune<\/strong> se ata\u015feaz\u0103 actul modificator, \u00een original, situa\u0163iile financiare \u015fi balan\u0163a \u00eenso\u0163itoare, dup\u0103 caz, precum \u015fi dovada privind plata tarifului legal de publicitate \u015fi, dup\u0103 caz, a tarifului po\u015ftal, \u00een original sau \u00een copie certificat\u0103 de parte.<\/p>\n<p>V.\u00a0La cererea de \u00eenregistrare a men\u0163iunii privind <strong>majorarea capitalului social prin conversia unor crean\u0163e certe, lichide \u015fi exigibile <\/strong>asupra societ\u0103\u0163ii \u00een ac\u0163iuni se ata\u015feaz\u0103 actul modificator, \u00een original, situa\u0163iile financiare \u015fi balan\u0163a \u00eenso\u0163itoare, dup\u0103 caz, precum \u015fi dovada privind plata tarifului legal de publicitate \u015fi, dup\u0103 caz, a tarifului po\u015ftal, \u00een original sau \u00een copie certificat\u0103 de parte.<\/p>\n<p>VI.\u00a0La cererea de \u00eenregistrare a men\u0163iunii privind <strong>majorarea capitalului social prin conversia obliga\u0163iunilor \u00een ac\u0163iuni se<\/strong> ata\u015feaz\u0103 actul modificator, \u00een original, precum \u015fi dovada privind plata tarifului legal de publicitate \u015fi, dup\u0103 caz, a tarifului po\u015ftal, \u00een original sau \u00een copie certificat\u0103 de parte.<\/p>\n<p>VII.\u00a0Actul constitutiv actualizat ;<\/p>\n<p>VIII.\u00a0Dac\u0103 este cazul:<\/p>\n<ul>\n<li>hot\u0103r\u00e2rea adun\u0103rii generale a ac\u0163ionarilor prin care se limiteaz\u0103 sau se ridic\u0103 dreptul de preferin\u0163\u0103, pentru publicare \u00een Monitorul Oficial \u015fi men\u0163ionare \u00een registrul comer\u0163ului;<\/li>\n<li>decizia consiliului de administra\u0163ie\/directoratului de restr\u00e2ngere sau ridicare a dreptului de preferin\u0163\u0103 al ac\u0163ionarilor existen\u0163i, pentru publicare \u00een Monitorul Oficial;<\/li>\n<li>declara\u0163iile date pe proprie r\u0103spundere de c\u0103tre noii asocia\u0163i\/ac\u021bionari care prin majorare au dob\u00e2ndit p\u0103r\u0163i sociale din care s\u0103 rezulte c\u0103 \u00eendeplinesc condi\u0163iile legale pentru de\u0163inerea acestor calit\u0103\u0163i (original) ;<\/li>\n<li>dup\u0103 caz, declara\u0163ia autentic\u0103 pe propria r\u0103spundere a persoanei fizice cet\u0103\u0163ean str\u0103in \u00een nume propriu sau ca reprezentant al persoanei juridice str\u0103ine care nu este \u00eenregistrat\u0103 fiscal \u00een Rom\u00e2nia din care s\u0103 rezulte c\u0103 nu are datorii fiscale, \u00een original \u015fi, dup\u0103 caz, traducerea realizat\u0103 de un traduc\u0103tor autorizat a c\u0103rui semn\u0103tur\u0103 s\u0103 fie legalizat\u0103 de un notar public pentru asocia\u0163ii care intr\u0103 \u00een societate ;<\/li>\n<li>actele de identitate a noilor asocia\u021bi\/ac\u021bionari (\u00een copie certificat\u0103 de parte), respectiv actele de \u00eenregistrare ale noilor asocia\u021bi\/ac\u021bionari persoane juridice ;<\/li>\n<li>dup\u0103 caz, dovada autoriza\u021biilor\/avizelor eliberate de autorit\u0103\u021bile competente ca o condi\u021bie prealabil\u0103 \u00eenmatricul\u0103rii\/\u00eenregistr\u0103rii \u00een registrul comer\u021bului, c\u00e2nd emiterea unor astfel de autoriza\u021bii\/avize este prev\u0103zut\u0103 de lege, \u00a0dovezile privind \u00eendeplinirea condi\u021biilor prev\u0103zute prin legi speciale, corespunz\u0103tor domeniului de activitate, avizele prealabile prev\u0103zute de legile speciale (\u00een original sau copie certificat\u0103);<\/li>\n<li>dovada privind \u00eemputernicirea persoanei desemnate s\u0103 \u00eendeplineasc\u0103 formalit\u0103\u021bile legale (original) :<\/li>\n<\/ul>\n<p>IX. Dac\u0103 este cazul, declara\u021bie privind beneficiarul real al persoanei juridice -;<\/p>\n<p>X. Dovezile privind plata tarifului legal privind publicitatea \u015fi, dup\u0103 caz, a celui po\u015ftal, \u00een original sau \u00een copie certificat\u0103 de parte.<\/p>\n","protected":false},"excerpt":{"rendered":"<p>Capitalului social &#8211;\u00a0Parte din patrimoniul unei societati ce cuprinde aportul (in bani sau in natura) adus de membri acesteia in vederea atingerii scopului urmarit. Majorarea capitalului social al societ\u0103\u0163ii, opera\u0163iune prin care societatea \u00ee\u015fi m\u0103re\u015fte capitalul social. Hot\u0103r\u00e2rea privind m.c.s. se adopt\u0103, \u00een cazul S.A., de adunarea general\u0103 extraordinar\u0103, cu respectarea cerin\u0163elor de cvorum \u015fi [&hellip;]<\/p>\n","protected":false},"author":1,"featured_media":0,"parent":0,"menu_order":0,"comment_status":"closed","ping_status":"closed","template":"","meta":[],"_links":{"self":[{"href":"https:\/\/convenient.ro\/index.php\/wp-json\/wp\/v2\/pages\/700"}],"collection":[{"href":"https:\/\/convenient.ro\/index.php\/wp-json\/wp\/v2\/pages"}],"about":[{"href":"https:\/\/convenient.ro\/index.php\/wp-json\/wp\/v2\/types\/page"}],"author":[{"embeddable":true,"href":"https:\/\/convenient.ro\/index.php\/wp-json\/wp\/v2\/users\/1"}],"replies":[{"embeddable":true,"href":"https:\/\/convenient.ro\/index.php\/wp-json\/wp\/v2\/comments?post=700"}],"version-history":[{"count":4,"href":"https:\/\/convenient.ro\/index.php\/wp-json\/wp\/v2\/pages\/700\/revisions"}],"predecessor-version":[{"id":1030,"href":"https:\/\/convenient.ro\/index.php\/wp-json\/wp\/v2\/pages\/700\/revisions\/1030"}],"wp:attachment":[{"href":"https:\/\/convenient.ro\/index.php\/wp-json\/wp\/v2\/media?parent=700"}],"curies":[{"name":"wp","href":"https:\/\/api.w.org\/{rel}","templated":true}]}}