{"id":725,"date":"2016-04-13T18:48:20","date_gmt":"2016-04-13T18:48:20","guid":{"rendered":"http:\/\/144.76.0.143\/wordpress\/?page_id=725"},"modified":"2016-04-16T10:55:30","modified_gmt":"2016-04-16T10:55:30","slug":"vize-invitatii","status":"publish","type":"page","link":"https:\/\/convenient.ro\/index.php\/vize-invitatii\/","title":{"rendered":"Vize sedere"},"content":{"rendered":"<p><strong><u>VIZA SCURT\u0102 \u015eEDERE PE BAZ\u0102 DE INVITA\u0162IE<\/u><\/strong><\/p>\n<p>Str\u0103inilor din statele aflate pe lista statelor ai c\u0103ror cet\u0103\u0163eni au nevoie de viz\u0103 pentru a intra pe teritoriul Rom\u00e2niei, pentru care este stabilit\u0103 procedura invita\u0163iei, posesori de pa\u015fapoarte simple, li se poate acorda viz\u0103 de scurt\u0103 \u015federe cu una sau mai multe c\u0103l\u0103torii, dac\u0103 prezint\u0103 misiunilor diplomatice \u015fi oficiilor consulare invita\u0163ie scris\u0103 din partea unei persoane fizice sau juridice, din care s\u0103 rezulte c\u0103 aceasta va asigura costurile privind \u00eendep\u0103rtarea, \u00een cazul \u00een care str\u0103inul invitat nu p\u0103r\u0103se\u015fte Rom\u00e2nia p\u00e2n\u0103 la data la care \u00eenceteaz\u0103 dreptul de \u015federe stabilit prin viz\u0103, \u00een urm\u0103toarele scopuri:<\/p>\n<p><strong>a) vizit\u0103<\/strong><\/p>\n<p><strong>b) turism<\/strong><\/p>\n<p><strong>c) afaceri<\/strong><\/p>\n<p>Daca doriti sa calatoriti in Romania pentru o perioada scurta de timp \u015fi sunte\u0163i resortisant al unui stat pentru care este necesar\u0103 viza trebuie sa obtineti o viza de scurt\u0103 \u015federe (simbol C).<\/p>\n<p>Viza de scurta sedere va permite sa solicitati intrarea pe teritoriul Romaniei, pentru alte motive decat imigrarea, in vederea unei sederi neintrerupte sau a mai multor sederi a caror durata sa nu dep\u0103\u015feasc\u0103 90 de zile \u00een decursul oric\u0103rei perioade de 180 de zile precedente fiec\u0103rei zile de \u015federe pe teritoriul Rom\u00e2niei. Acest tip de viza poate fi eliberat cu una sau mai multe intrari.<\/p>\n<p>Documentul de calatorie in care urmeaz\u0103 sa fie aplicata viza trebuie sa indeplineasca urmatoarele criterii: valabilitatea acestuia trebuie sa depaseasca valabilitatea vizei solicitate cu cel putin 3 luni si sa fi fost eliberat in ultimii 10 ani.<\/p>\n<p>Viza de scurta sedere va da dreptul sa vizitati Romania pentru o perioada limitata de timp si nu poate fi prelungita. Daca doriti sa ramaneti o perioada mai mare de timp pe teritoriul Romaniei, trebuie sa obtineti o viza de lunga sedere si, ulterior, un permis de sedere pe teritoriul Romaniei.<\/p>\n<p>Va putem oferi informatii cu privire la lista documentelor necesare obtinerii vizei de scurta sedere, in functie de scopul venirii dumneavoastra in Romania:<\/p>\n<p>&#8211; Turism<\/p>\n<p>&#8211; Vizita<\/p>\n<p>&#8211; Afaceri<\/p>\n<p>&#8211; Transport<\/p>\n<p>&#8211; Activitati sportive<\/p>\n<p>&#8211; Activitati culturale, stiintifice, umanitare, tratament medical de scurta durata sau alte activitati care nu contravin legilor romane<\/p>\n<p>Invitatorul, persoana fizica sau juridica va suporta cheltuielile ocazionate de indepartarea de pe teritoriul Romaniei a strainilor invitati. Invitatia constituie titlu executoriu in situatia in care strainul invitat nu paraseste Romania pana la data la care inceteaza dreptul de sedere stabilit prin viza.<\/p>\n<p><strong>In Romania, <u>viza de lunga sedere<\/u> poate fi ceruta pentru urmatoarele scopuri:<\/strong><\/p>\n<ol>\n<li>Viza de lunga sedere <strong>pentru<\/strong> <strong>angajare in munca<\/strong><\/li>\n<\/ol>\n<ol start=\"2\">\n<li>Viza de lunga sedere<strong> pentru desfasurarea de activitati comerciale<\/strong><\/li>\n<\/ol>\n<ol start=\"3\">\n<li>Viza de lunga sedere <strong>pentru alte scopuri<\/strong><\/li>\n<\/ol>\n<ul>\n<li>Viza de lunga sedere pentru alte scopuri se acorda, la cerere, urmatoarelor categorii de straini:<\/li>\n<\/ul>\n<p>Celor desemnati ca administratori ai unei societati comerciale;<\/p>\n<p>Celor detasati de catre o companie straina cu sediul pe teritoriul unui stat membru al Organizatiei Mondiale a Comertului la o reprezentanta, sucursala ori filiala a sa, aflata pe teritoriul Romaniei, sau la o societate comerciala, persoana juridica romana, al carei asociat\/actionar este compania straina;<\/p>\n<p>Celor detasati de un angajator cu sediul in strainatate la o persoana juridica din Romania, in baza unui contract comercial de prestari de servicii incheiat intre cele doua parti;<\/p>\n<p>Celor al caror acces pe piata muncii din Romania este reglementat prin acorduri bilaterale incheiate de Romania cu alte stat;<\/p>\n<ol start=\"4\">\n<li>Viza de lunga sedere <strong>pentru strainii membri de familie ai cetatenilor romani<\/strong><\/li>\n<\/ol>\n<ul>\n<li>Viza de lunga sedere se poate acorda:<\/li>\n<\/ul>\n<p>strainilor casatoriti cu cetateni romani, cu conditia ca aceasta sa nu fie o casatorie de convenienta, constatata in conditiile prevazute la art. 64, iar daca a fost incheiata pe teritoriul Romaniei, solicitantul sa fi avut drept de sedere la acea data;<\/p>\n<p>strainilor care fac dovada ca nu sunt casatoriti si care convietuiesc cu cetateni romani, cu conditia ca acestia sa aiba impreuna cel putin un copil;<\/p>\n<p>copiilor minori necasatoriti, inclusiv celor adoptati;<\/p>\n<p>rudele de gradul I in linie ascendenta.<\/p>\n<ol>\n<li><strong>Viza de lunga sedere pentru reintregirea familiei<\/strong><\/li>\n<\/ol>\n<ul>\n<li>Viza de lunga sedere<strong> pentru reintregirea familiei <\/strong>poate fi acordata strainilor titulari ai unui drept de sedere temporara sau permanenta, precum si refugiatii recunoscuti de catre statul roman. Acestia pot solicita reintregirea familiei pentru:<\/li>\n<\/ul>\n<p>sot\/sotie;<\/p>\n<p>copiii minori, necasatoriti, ai titularului dreptului de sedere si ai sotului\/sotiei, inclusiv copiii adoptati in comun de catre acestia;<\/p>\n<p>copiii minori, necasatoriti, inclusiv cei adoptati, ai titularului dreptului de sedere, in cazul in care sunt in intretinerea efectiva a acestuia;<\/p>\n<p>copiii minori, necasatoriti, inclusiv cei adoptati, ai sotului\/sotiei titularului dreptului de sedere, in cazul in care sunt in intretinerea efectiva a acestuia.<\/p>\n<ol start=\"6\">\n<li><strong> Pentru desfasurarea de activitati economice\u00a0<\/strong><\/li>\n<\/ol>\n<ul>\n<li>Viza de lunga sedere pentru desfasurarea de activitati economice se acorda strainilor care urmeaza sa desfasoare activitati economice in mod independent sau in cadrul unor asociatii familiale.<\/li>\n<\/ul>\n<ol start=\"7\">\n<li>Viza de lunga sedere <strong>pentru desfasurarea de activitati profesionale<\/strong><\/li>\n<\/ol>\n<ul>\n<li>Viza de lunga sedere pentru desfasurarea de activitati profesionale in mod individual se acorda strainilor care urmeaza sa desfasoare aceste activitati in conformitate cu legile speciale care reglementeaza conditiile de exercitare a profesiilor respective.<\/li>\n<\/ul>\n<ol start=\"8\">\n<li>\u00a0Viza de lunga sedere <strong>pentru studii<\/strong><\/li>\n<\/ol>\n<ul>\n<li>Viza de lunga sedere pentru studii poate fi acordata strainilor, la cerere;<\/li>\n<\/ul>\n<ol start=\"9\">\n<li>Viza de lunga sedere <strong>pentru activitati umanitare sau religioase<\/strong><\/li>\n<\/ol>\n<ul>\n<li>Viza de lunga sedere pentru activitati umanitare sau religioase se acorda strainilor, la cerere;<\/li>\n<\/ul>\n<ol start=\"2\">\n<li><strong> Tipuri de vize de lung\u0103 \u015federe:<\/strong><\/li>\n<\/ol>\n<p>Vizele de lung\u0103 \u015federe se acord\u0103 \u00een func\u0163ie de activitatea ce urmeaz\u0103 a fi desf\u0103\u015furat\u0103 \u00een Rom\u00e2nia. Scopurile pentru care pot fi eliberate vizele rom\u00e2ne de lung\u0103 \u015federe, sunt urm\u0103toarele:<\/p>\n<ul>\n<li><strong>Desf\u0103\u015furarea de activit\u0103\u0163i economice <\/strong>\u2013 viza poate fi eliberat\u0103 \u00een favoarea str\u0103inilor care urmeaz\u0103 s\u0103 desf\u0103\u015foare pe teritoriul Rom\u00e2niei activit\u0103\u0163i economice organizate \u015fi reglementate prin legi speciale;<\/li>\n<li><strong>Desf\u0103\u015furarea de activit\u0103\u0163i profesionale <\/strong>&#8211;\u00a0 viza poate fi eliberat\u0103 \u00een favoarea str\u0103inilor care urmeaz\u0103 s\u0103 exercite pe teritoriul Rom\u00e2niei profesii liberale reglementate prin legi speciale;<\/li>\n<li><strong>Desf\u0103\u0219urarea de activit\u0103\u021bi comerciale\u00a0 <\/strong>&#8211; \u00a0viza poate fi eliberat\u0103 \u00een faovarea str\u0103inilor care sunt ac\u0163ionari ori asocia\u0163i, cu atribu\u0163ii de conducere sau de administrare, ai unor societ\u0103\u0163i comerciale, persoane juridice rom\u00e2ne, care urmeaz\u0103 s\u0103 realizeze o investi\u0163ie \u00een Rom\u00e2nia;<\/li>\n<li><strong>Angajare \u00een munc\u0103 <\/strong>&#8211; \u00a0viza poate fi eliberat\u0103 \u00een favoarea str\u0103inilor care urmeaz\u0103 s\u0103 se \u00eencadreze \u00een munc\u0103, pe teritoriul Rom\u00e2niei, la un angajator. Acest tip de viz\u0103 atest\u0103 \u015fi dreptul de munc\u0103 al str\u0103inului pe teritoriul Rom\u00e2niei.<\/li>\n<li><strong>Deta\u015fare\u00a0 <\/strong>&#8211; \u00a0viza poate fi eliberat\u0103 \u00een favoarea str\u0103inilor califica\u0163i, angaja\u0163i ai unei persoane juridice cu sediul \u00een str\u0103in\u0103tate, care urmeaz\u0103 s\u0103 desf\u0103\u015foare activit\u0103\u0163i \u00een munc\u0103 pe teritoriul Rom\u00e2niei, \u00een condi\u0163iile legii;<\/li>\n<li><strong>Studii\u00a0<\/strong> &#8211; viza poate fi eliberat\u0103 \u00een favoarea str\u0103inilor care urmeaz\u0103 s\u0103 intre \u00een Rom\u00e2nia pentru a urma cursuri \u00een \u00eenv\u0103\u0163\u0103m\u00e2ntul preuniversitar, universitar sau postuniversitar, dup\u0103 caz, ori pentru ob\u0163inerea unor titluri \u015ftiin\u0163ifice \u00een cadrul institu\u0163iilor de stat sau particulare acreditate, potrivit legii;<\/li>\n<li><strong>Re\u00eentregirea familiei<\/strong> &#8211; \u00a0viza poate fi eliberat\u0103 \u00een favoarea str\u0103inilor care urmeaz\u0103 s\u0103 intre \u00een Rom\u00e2nia \u00een scopul redob\u00e2ndirii unit\u0103\u0163ii familiale;<\/li>\n<li><strong>Activit\u0103\u0163i religioase\u00a0 <\/strong>&#8211; viza poate fi eliberat\u0103 \u00een favoarea str\u0103inilor care urmeaz\u0103 s\u0103 intre \u00een Rom\u00e2nia pentru a desf\u0103\u015fura activit\u0103\u0163i \u00een domeniul cultelor recunoscute, la cererea acestora;<\/li>\n<li><strong>Activit\u0103\u0163i de cercetare \u015ftiin\u0163ific\u0103<\/strong> &#8211; viza poate fi eliberat\u0103 \u00een favoarea str\u0103inilor care urmeaz\u0103 s\u0103 intre \u00een Rom\u00e2nia pentru desf\u0103\u015furarea de activit\u0103\u0163i de cercetare \u015ftiin\u0163ific\u0103.<\/li>\n<li><strong>Alte scopuri ce nu contravin legilor rom\u00e2ne <\/strong>.<\/li>\n<\/ul>\n","protected":false},"excerpt":{"rendered":"<p>VIZA SCURT\u0102 \u015eEDERE PE BAZ\u0102 DE INVITA\u0162IE Str\u0103inilor din statele aflate pe lista statelor ai c\u0103ror cet\u0103\u0163eni au nevoie de viz\u0103 pentru a intra pe teritoriul Rom\u00e2niei, pentru care este stabilit\u0103 procedura invita\u0163iei, posesori de pa\u015fapoarte simple, li se poate acorda viz\u0103 de scurt\u0103 \u015federe cu una sau mai multe c\u0103l\u0103torii, dac\u0103 prezint\u0103 misiunilor diplomatice [&hellip;]<\/p>\n","protected":false},"author":1,"featured_media":0,"parent":0,"menu_order":0,"comment_status":"closed","ping_status":"closed","template":"","meta":[],"_links":{"self":[{"href":"https:\/\/convenient.ro\/index.php\/wp-json\/wp\/v2\/pages\/725"}],"collection":[{"href":"https:\/\/convenient.ro\/index.php\/wp-json\/wp\/v2\/pages"}],"about":[{"href":"https:\/\/convenient.ro\/index.php\/wp-json\/wp\/v2\/types\/page"}],"author":[{"embeddable":true,"href":"https:\/\/convenient.ro\/index.php\/wp-json\/wp\/v2\/users\/1"}],"replies":[{"embeddable":true,"href":"https:\/\/convenient.ro\/index.php\/wp-json\/wp\/v2\/comments?post=725"}],"version-history":[{"count":3,"href":"https:\/\/convenient.ro\/index.php\/wp-json\/wp\/v2\/pages\/725\/revisions"}],"predecessor-version":[{"id":856,"href":"https:\/\/convenient.ro\/index.php\/wp-json\/wp\/v2\/pages\/725\/revisions\/856"}],"wp:attachment":[{"href":"https:\/\/convenient.ro\/index.php\/wp-json\/wp\/v2\/media?parent=725"}],"curies":[{"name":"wp","href":"https:\/\/api.w.org\/{rel}","templated":true}]}}