{"id":940,"date":"2018-11-30T06:46:18","date_gmt":"2018-11-30T06:46:18","guid":{"rendered":"http:\/\/convenient.ro\/?page_id=940"},"modified":"2018-12-11T11:49:39","modified_gmt":"2018-12-11T11:49:39","slug":"federatii","status":"publish","type":"page","link":"https:\/\/convenient.ro\/index.php\/federatii\/","title":{"rendered":"Federatii"},"content":{"rendered":"<h2>Federa\u0163iile sportive na\u0163ionale<\/h2>\n<p><strong>Legisla\u0163ie aplicabil\u0103:<\/strong><\/p>\n<p><u>1.Legea nr. 69\/2000<\/u> a educa\u0163iei fizice \u015fi sportului, publicat\u0103 \u00een Monitorul Oficial nr. 200 din 9 mai 2000, cu modific\u0103rile \u015fi complet\u0103rile ulterioare;<\/p>\n<p><u>2.Hot\u0103r\u00e2rea Guvernului nr. 884\/2001<\/u> pentru aprobarea Regulamentului de punere \u00een aplicare a dispozi\u0163iilor Legii educa\u0163iei fizice \u015fi sportului nr. 69\/2000, publicat\u0103 \u00een Monitorul Oficial nr. 578 din 14 septembrie 2001;<\/p>\n<p><u>3.Hot\u0103r\u00e2rea Guvernului nr. 141\/2010<\/u> privind organizarea \u015fi func\u0163ionarea Autorit\u0103\u0163ii Na\u0163ionale pentru Sport \u015fi Tineret, publicat\u0103 \u00een Monitorul Oficial nr. 137 din 2 martie 2010;<\/p>\n<p><u>4.Ordonan\u0163a Guvernului nr. 26\/2000<\/u> cu privire la asocia\u0163ii si funda\u0163ii, publicat\u0103 \u00een Monitorul Oficial nr. 39 din 31 ianuarie 2000;<\/p>\n<p><u>5.Ordinul ministrului justi\u0163iei nr. 954\/B\/C din 26 aprilie 2000<\/u> pentru aprobarea Regulamentului privind organizarea Registrului asocia\u0163iiilor \u015fi funda\u0163iiilor, Registrului federa\u0163iiilor \u015fi Registrului na\u0163ional al persoanelor juridice f\u0103r\u0103 scop patrimonial, publicat \u00een Monitorul Oficial nr. 214 din 16 mai 2000;<\/p>\n<p><u>6.Ordinul ministrului justi\u0163iei nr. 1076\/C din 15 mai 2000<\/u> privind aprobarea tarifelor pentru accesul la Registrul na\u0163ional al persoanelor juridice f\u0103r\u0103 scop patrimonial, publicat \u00een Monitorul Oficial nr. 222 din 19 mai 2000;<\/p>\n<p>\u00cen sensul Legii nr.69\/2000 a educa\u0163iei fizice \u015fi sportului, sunt considerate structuri sportive:<\/p>\n<ol>\n<li>a) \u00a0asocia\u0163iile sportive &#8211; <strong>structurilor sportive fara personalitate juridica;<\/strong><\/li>\n<li>b) cluburile sportive, inclusiv cele organizate ca societ\u0103\u0163i comerciale, unit\u0103\u0163ile de \u00eenv\u0103\u0163\u0103m\u00e2nt cu program sau profil sportiv, palatele \u015fi cluburile copiilor \u015fi elevilor;;<\/li>\n<li>c) asocia\u0163iile jude\u0163ene \u015fi ale municipiului Bucure\u015fti, pe ramuri de sport;<\/li>\n<li>d) ligile profesioniste;<\/li>\n<li>e) federa\u0163iile sportive na\u0163ionale;<\/li>\n<li><em>\u00a0<\/em>f) <strong>Automobil Clubul Rom\u00e2n, pentru activitatea de automobilism sportiv \u015fi karting sportiv;<\/strong><\/li>\n<li>g) <strong>organiza\u0163ii sportive na\u0163ionale.<\/strong><\/li>\n<\/ol>\n<p>Dreptul la libera asociere, \u00een scopul constituirii unei structuri sportive, este un drept al persoanei fizice sau juridice.<\/p>\n<p>Ministerul Tineretului \u015fi Sportului organizeaz\u0103, \u00een condi\u0163iile legii, eviden\u0163a structurilor sportive prin Registrul sportiv, atribuind fiec\u0103rei structuri \u00eenscrise un num\u0103r de identificare \u015fi Certificatul de identitate sportiv\u0103.<\/p>\n<p>Ordonan\u0163a Guvernului nr. 26\/2000, prevede faptul c\u0103 dob\u00e2ndirea personalit\u0103\u0163ii juridice se realizeaz\u0103 prin \u00eenscrierea \u00een Registrul asocia\u0163iilor \u015fi funda\u0163iilor aflat la grefa judec\u0103toriei \u00een a c\u0103rei raz\u0103 teritorial\u0103 \u00ee\u015fi are sediul, cu excep\u0163ia federa\u0163iilor care se \u00eenscriu la tribunalul din circumscrip\u0163ia c\u0103ruia federa\u0163ia urmeaz\u0103 s\u0103-\u015fi aib\u0103 sediul.<\/p>\n<p>\u00cenfiin\u0163area Federa\u0163iilor sportive na\u0163ionale se realizeaz\u0103 \u00een condi\u0163iile art.35 \u015fi 36 din Legea nr.69\/2000 \u015fi a dispozi\u0163iilor speciale prev\u0103zute de HG nr.884\/2001, respectiv:<\/p>\n<p><strong>ART. 35<\/strong><\/p>\n<p>(1) Federa\u0163iile sportive na\u0163ionale sunt structuri sportive de interes na\u0163ional, constituite prin asocierea cluburilor sportive \u015fi asocia\u0163iilor jude\u0163ene \u015fi ale municipiului Bucure\u015fti, pe ramuri de sport.<\/p>\n<p>(2) Potrivit prezentei legi federa\u0163iile sportive na\u0163ionale sunt persoane juridice de drept privat, de utilitate public\u0103, autonome, neguvernamentale, apolitice \u015fi f\u0103r\u0103 scop lucrativ.<\/p>\n<p>(3) Dob\u00e2ndirea personalit\u0103\u0163ii juridice se face \u00een condi\u0163iile legii.<\/p>\n<p><strong>ART. 36<\/strong><\/p>\n<p>(1) Federa\u0163iile sportive na\u0163ionale se vor constitui numai cu avizul expres al Agen\u0163iei Na\u0163ionale pentru Sport.<\/p>\n<p>(2) Pentru o ramur\u0103 de sport se poate constitui, \u00een condi\u0163iile legii, o singur\u0103 federa\u0163ie sportiv\u0103 na\u0163ional\u0103.<\/p>\n<p>(3) Prin excep\u0163ie, se pot constitui Federa\u0163ia sportiv\u0103 na\u0163ional\u0103 &#8220;Sportul pentru to\u0163i&#8221; \u015fi Federa\u0163ia sportiv\u0103 na\u0163ional\u0103 &#8220;Sportul pentru persoanele cu handicap&#8221;, ca persoane juridice de drept privat, de utilitate public\u0103, av\u00e2nd ca membri persoane fizice \u015fi juridice cu activitate specific\u0103 \u00een domeniu.<\/p>\n<p>(4) Modificarea statutelor sau a actelor constitutive ale federa\u0163iilor sportive na\u0163ionale este supus\u0103 procedurilor prev\u0103zute de lege, dup\u0103 ce s-a ob\u0163inut avizul expres al Agen\u0163iei Na\u0163ionale pentru Sport.<\/p>\n<p>(5) Federa\u0163iile sportive na\u0163ionale se organizeaz\u0103 \u015fi func\u0163ioneaz\u0103 \u00een baza statutului propriu elaborat \u00een conformitate cu prevederile prezentei legi \u015fi cu statutele federa\u0163iilor interna\u0163ionale corespondente.<\/p>\n<p>(6) \u00cenfiin\u0163area federa\u0163iilor sportive na\u0163ionale sau modificarea statutelor \u015fi a actelor constitutive ale acestora, f\u0103r\u0103 respectarea dispozi\u0163iilor alin. (1) \u015fi (4), este nul\u0103 de drept.<\/p>\n<p>Denumirea federa\u0163iilor sportive na\u0163ionale este &#8220;Federa\u0163ia Rom\u00e2n\u0103 de &#8211; ramura de sport &#8211; &#8220;, cu excep\u0163ia cazurilor prev\u0103zute de Legea nr. 69\/2000.<\/p>\n<p><strong>Utilizarea denumirii &#8220;Federa\u0163ia Rom\u00e2n\u0103 de &#8211; ramura de sport -&#8221; pentru orice federa\u0163ie sportiv\u0103 na\u0163ional\u0103 se autorizeaz\u0103 de c\u0103tre Ministerul Tineretului \u015fi Sportului \u00een cadrul procesului de avizare \u015fi\/sau recunoa\u015ftere, sub sanc\u0163iunea nulit\u0103\u0163ii absolute.<\/strong><\/p>\n<p>\u00cen vederea dob\u00e2ndirii personalit\u0103\u0163ii juridice, precum \u015fi \u00een cadrul procedurii de reorganizare se vor depune la Ministerul Tineretului \u015fi Sportului actul constitutiv \u015fi statutul federa\u0163iei sportive na\u0163ionale, \u00een form\u0103 autentic\u0103 sau atestata de avocat, precum \u015fi actele doveditoare ale sediului \u015fi patrimoniului ini\u0163ial.<\/p>\n<p><strong>\u00cen Rom\u00e2nia, \u00een prezent func\u0163ioneaz\u0103 63 de federa\u0163ii sportive na\u0163ionale ce organizeaz\u0103 activit\u0103\u0163ile \u015fi competi\u0163iile sportive oficiale la nivel na\u0163ional, \u00een ramurile de sport recunoscute \u00een \u0163ara noastr\u0103, conform statutelor acestora, dup\u0103 cum urmeaz\u0103:<\/strong><\/p>\n<p>Av\u00e2nd in vedere dispozi\u0163iile art.36 (2) din Legea nr.69\/2000, respectiv \u201cpentru o ramur\u0103 de sport se poate constitui, \u00een condi\u0163iile legii, o singur\u0103 federa\u0163ie sportiv\u0103 na\u0163ional\u0103\u201d, nu se mai pot constitui alte federa\u0163ii sportive na\u0163ionale \u00een ramurile de sport sus men\u0163ionate.<\/p>\n<p><strong>Condi\u0163iile necesare pentru \u00eenfiin\u0163area unei federa\u0163ii sportive na\u0163ionale sunt:<\/strong><\/p>\n<ol>\n<li><strong>a) activitatea ramurii de sport se desf\u0103\u015foar\u0103 \u00een minimum 5 jude\u0163e;<\/strong><\/li>\n<li><strong> b) la data constituirii s\u0103 existe minimum 10 cluburi sportive care s\u0103 aib\u0103 minimum 200 de membri practican\u0163i;<\/strong><\/li>\n<li><strong> c) activitatea \u00een ramura de sport recunoscut\u0103 oficial s\u0103 se desf\u0103\u015foare \u00een mod organizat de cel pu\u0163in 3 ani de la recunoa\u015fterea oficial\u0103 a practic\u0103rii ramurii de sport \u00een Rom\u00e2nia.<\/strong><\/li>\n<\/ol>\n<p>Recunoa\u015fterea oficial\u0103 a practic\u0103rii unei ramuri de sport \u00een Rom\u00e2nia se face de c\u0103tre Ministerul Tineretului \u015fi Sportului la solicitarea practican\u0163ilor acesteia.<\/p>\n<p>\u00cen baza recunoa\u015fterii oficiale practican\u0163ii ramurii de sport se pot constitui \u00een asocia\u0163ii jude\u0163ene \u015fi a municipiului Bucure\u015fti, pe ramuri de sport, cluburi sportive, federa\u0163ie sportiv\u0103 na\u0163ional\u0103, \u015fi pot participa la \u00eentreceri demonstrative \u015fi competi\u0163ii, potrivit legii.<\/p>\n<p>Sursa: Ministerul Tineretului si Sportului<\/p>\n","protected":false},"excerpt":{"rendered":"<p>Federa\u0163iile sportive na\u0163ionale Legisla\u0163ie aplicabil\u0103: 1.Legea nr. 69\/2000 a educa\u0163iei fizice \u015fi sportului, publicat\u0103 \u00een Monitorul Oficial nr. 200 din 9 mai 2000, cu modific\u0103rile \u015fi complet\u0103rile ulterioare; 2.Hot\u0103r\u00e2rea Guvernului nr. 884\/2001 pentru aprobarea Regulamentului de punere \u00een aplicare a dispozi\u0163iilor Legii educa\u0163iei fizice \u015fi sportului nr. 69\/2000, publicat\u0103 \u00een Monitorul Oficial nr. 578 din [&hellip;]<\/p>\n","protected":false},"author":1,"featured_media":0,"parent":0,"menu_order":0,"comment_status":"closed","ping_status":"closed","template":"","meta":[],"_links":{"self":[{"href":"https:\/\/convenient.ro\/index.php\/wp-json\/wp\/v2\/pages\/940"}],"collection":[{"href":"https:\/\/convenient.ro\/index.php\/wp-json\/wp\/v2\/pages"}],"about":[{"href":"https:\/\/convenient.ro\/index.php\/wp-json\/wp\/v2\/types\/page"}],"author":[{"embeddable":true,"href":"https:\/\/convenient.ro\/index.php\/wp-json\/wp\/v2\/users\/1"}],"replies":[{"embeddable":true,"href":"https:\/\/convenient.ro\/index.php\/wp-json\/wp\/v2\/comments?post=940"}],"version-history":[{"count":3,"href":"https:\/\/convenient.ro\/index.php\/wp-json\/wp\/v2\/pages\/940\/revisions"}],"predecessor-version":[{"id":970,"href":"https:\/\/convenient.ro\/index.php\/wp-json\/wp\/v2\/pages\/940\/revisions\/970"}],"wp:attachment":[{"href":"https:\/\/convenient.ro\/index.php\/wp-json\/wp\/v2\/media?parent=940"}],"curies":[{"name":"wp","href":"https:\/\/api.w.org\/{rel}","templated":true}]}}