{"id":986,"date":"2018-12-11T12:55:07","date_gmt":"2018-12-11T12:55:07","guid":{"rendered":"http:\/\/convenient.ro\/?page_id=986"},"modified":"2018-12-11T12:55:07","modified_gmt":"2018-12-11T12:55:07","slug":"mentiuni-orc","status":"publish","type":"page","link":"https:\/\/convenient.ro\/index.php\/mentiuni-orc\/","title":{"rendered":"MENTIUNI ORC"},"content":{"rendered":"<p>Alocarea identificatorului unic la nivel european (EUID)<br \/>\nModificarea denumirii<br \/>\n\u00censcrierea sau modificarea emblemei<br \/>\nSchimbarea formei juridice<br \/>\nTransformarea unei societ\u0103\u0163i pe ac\u0163iuni \u00eentr-o SE<br \/>\nSchimbarea sediului social \u00een acela\u015fi jude\u0163<br \/>\nSchimbarea sediului social \u00een alt jude\u0163<br \/>\nTransferul sediului social al SE \u00eentr-un alt stat membru<br \/>\nPrelungirea duratei de func\u0163ionare<br \/>\nReducerea duratei de func\u0163ionare<br \/>\nModificarea obiectului de activitate<br \/>\nActualizarea obiectului de activitate<br \/>\nModificarea declara\u0163iilor pe propria r\u0103spundere<br \/>\nMajorarea capitalului social<br \/>\nReducerea capitalului social<br \/>\nTransmiterea p\u0103r\u0163ilor de interes \u015fi a p\u0103r\u0163ilor sociale<br \/>\nSuspendarea sau reluarea activit\u0103\u0163ii<br \/>\nSchimbarea membrilor organelor de conducere \u015fi de control<br \/>\n\u00cenfiin\u0163area sau desfiin\u0163area de sedii secundare<br \/>\nMen\u0163iuni prev\u0103zute la pct. 4.6. din cererea de \u00eenregistrare<br \/>\nModific\u0103rile la actele constitutive ale GIE \u015fi GEIE<br \/>\nModificarea datelor de identificare<br \/>\nNumirea lichidatorului \u00een cazul dizolv\u0103rii judiciare<br \/>\nExcluderea sau retragerea asocia\u0163ilor<br \/>\nFuziunea uneia sau mai multor societ\u0103\u0163i \u00eentr-o societate pe care o constituie<br \/>\nFuziunea uneia sau mai multor societ\u0103\u0163i cu o societate existent\u0103<br \/>\nFuziunea transfrontalier\u0103<br \/>\nDivizarea par\u0163ial\u0103 a unei societ\u0103\u0163i c\u0103tre una sau mai multe societ\u0103\u0163i existente<br \/>\nDivizarea par\u0163ial\u0103 a unei societ\u0103\u0163i c\u0103tre una sau mai multe societ\u0103\u0163i nou constituite<br \/>\nDivizarea total\u0103<br \/>\nMen\u0163iuni \u00eenregistrate pe baza cererii de depunere \u015fi\/sau men\u0163ionare acte<br \/>\nCorectare erori materiale<br \/>\nModific\u0103ri PFA, II, IF<br \/>\nSuspendare activitate PFA, II \u015fi IF<br \/>\nDizolvarea de drept a SRL cu asociat unic<br \/>\nDizolvarea de drept a SNC, SCS, SRL cu mai mul\u0163i asocia\u0163i, SA \u015fi SCA<br \/>\nDizolvarea \u015fi lichidarea simultan\u0103 a SNC, SCS, SRL \u015fi GIE<br \/>\nDizolvarea voluntar\u0103 \u015fi lichidarea SNC, SCS, SRL, SA \u015fi SCA cu numire de lichidator<br \/>\nDizolvarea judiciar\u0103 \u015fi lichidarea pentru nulitate sau prin decizia instan\u0163ei<br \/>\nDizolvarea \u015fi lichidarea urmare decesului<br \/>\nRadierea sucursalei<br \/>\nDesfiin\u0163\u0103ri PFA, II, IF<\/p>\n<p><img decoding=\"async\" loading=\"lazy\" class=\"alignnone size-medium wp-image-974\" src=\"http:\/\/convenient.ro\/wp-content\/uploads\/2016\/04\/New-Microsoft-PowerPoint-Pre5-600x400.jpg\" alt=\"\" width=\"600\" height=\"400\" \/><\/p>\n","protected":false},"excerpt":{"rendered":"<p>Alocarea identificatorului unic la nivel european (EUID) Modificarea denumirii \u00censcrierea sau modificarea emblemei Schimbarea formei juridice Transformarea unei societ\u0103\u0163i pe ac\u0163iuni \u00eentr-o SE Schimbarea sediului social \u00een acela\u015fi jude\u0163 Schimbarea sediului social \u00een alt jude\u0163 Transferul sediului social al SE \u00eentr-un alt stat membru Prelungirea duratei de func\u0163ionare Reducerea duratei de func\u0163ionare Modificarea obiectului de [&hellip;]<\/p>\n","protected":false},"author":1,"featured_media":0,"parent":0,"menu_order":0,"comment_status":"closed","ping_status":"closed","template":"","meta":[],"_links":{"self":[{"href":"https:\/\/convenient.ro\/index.php\/wp-json\/wp\/v2\/pages\/986"}],"collection":[{"href":"https:\/\/convenient.ro\/index.php\/wp-json\/wp\/v2\/pages"}],"about":[{"href":"https:\/\/convenient.ro\/index.php\/wp-json\/wp\/v2\/types\/page"}],"author":[{"embeddable":true,"href":"https:\/\/convenient.ro\/index.php\/wp-json\/wp\/v2\/users\/1"}],"replies":[{"embeddable":true,"href":"https:\/\/convenient.ro\/index.php\/wp-json\/wp\/v2\/comments?post=986"}],"version-history":[{"count":1,"href":"https:\/\/convenient.ro\/index.php\/wp-json\/wp\/v2\/pages\/986\/revisions"}],"predecessor-version":[{"id":987,"href":"https:\/\/convenient.ro\/index.php\/wp-json\/wp\/v2\/pages\/986\/revisions\/987"}],"wp:attachment":[{"href":"https:\/\/convenient.ro\/index.php\/wp-json\/wp\/v2\/media?parent=986"}],"curies":[{"name":"wp","href":"https:\/\/api.w.org\/{rel}","templated":true}]}}